{"id":1236,"date":"2023-08-08T13:40:07","date_gmt":"2023-08-08T11:40:07","guid":{"rendered":"https:\/\/www.mohnen-forelle.de\/entreprise\/carriere\/"},"modified":"2023-08-16T11:57:30","modified_gmt":"2023-08-16T09:57:30","slug":"carriere","status":"publish","type":"page","link":"https:\/\/www.mohnen-forelle.de\/fr\/entreprise\/carriere\/","title":{"rendered":"Carri\u00e9re"},"content":{"rendered":"<p>[et_pb_section fb_built=\u00a0\u00bb1&Prime; _builder_version=\u00a0\u00bb4.19.1&Prime; _module_preset=\u00a0\u00bbdefault\u00a0\u00bb background_image=\u00a0\u00bbhttps:\/\/www.mohnen-forelle.de\/wp-content\/uploads\/mohnen\/header\/Header_-_Karriere_Jens___Philipp.jpg\u00a0\u00bb width=\u00a0\u00bb80%\u00a0\u00bb max_width=\u00a0\u00bb80%\u00a0\u00bb module_alignment=\u00a0\u00bbcenter\u00a0\u00bb height=\u00a0\u00bb38vh\u00a0\u00bb global_colors_info=\u00a0\u00bb{}\u00a0\u00bb][et_pb_row _builder_version=\u00a0\u00bb4.19.1&Prime; _module_preset=\u00a0\u00bbdefault\u00a0\u00bb global_colors_info=\u00a0\u00bb{}\u00a0\u00bb][et_pb_column type=\u00a0\u00bb4_4&Prime; _builder_version=\u00a0\u00bb4.19.1&Prime; _module_preset=\u00a0\u00bbdefault\u00a0\u00bb global_colors_info=\u00a0\u00bb{}\u00a0\u00bb][\/et_pb_column][\/et_pb_row][\/et_pb_section][et_pb_section fb_built=\u00a0\u00bb1&Prime; _builder_version=\u00a0\u00bb4.19.1&Prime; _module_preset=\u00a0\u00bbdefault\u00a0\u00bb background_color=\u00a0\u00bb#DCF9F6&Prime; background_enable_image=\u00a0\u00bboff\u00a0\u00bb width=\u00a0\u00bb80%\u00a0\u00bb max_width=\u00a0\u00bb80%\u00a0\u00bb module_alignment=\u00a0\u00bbcenter\u00a0\u00bb custom_padding=\u00a0\u00bb0px||10px||false|false\u00a0\u00bb global_colors_info=\u00a0\u00bb{}\u00a0\u00bb][et_pb_row _builder_version=\u00a0\u00bb4.19.1&Prime; _module_preset=\u00a0\u00bbdefault\u00a0\u00bb width=\u00a0\u00bb90%\u00a0\u00bb max_width=\u00a0\u00bb90%\u00a0\u00bb custom_margin=\u00a0\u00bb||40px||false|false\u00a0\u00bb custom_padding=\u00a0\u00bb0px||0px||false|false\u00a0\u00bb global_colors_info=\u00a0\u00bb{}\u00a0\u00bb][et_pb_column type=\u00a0\u00bb4_4&Prime; _builder_version=\u00a0\u00bb4.19.1&Prime; _module_preset=\u00a0\u00bbdefault\u00a0\u00bb global_colors_info=\u00a0\u00bb{}\u00a0\u00bb][et_pb_image src=\u00a0\u00bbhttps:\/\/www.mohnen-forelle.de\/wp-content\/uploads\/mohnen\/mohnen-siegel.png\u00a0\u00bb align=\u00a0\u00bbcenter\u00a0\u00bb _builder_version=\u00a0\u00bb4.19.1&Prime; _module_preset=\u00a0\u00bbdefault\u00a0\u00bb custom_margin=\u00a0\u00bb-70px||||false|false\u00a0\u00bb global_colors_info=\u00a0\u00bb{}\u00a0\u00bb][\/et_pb_image][\/et_pb_column][\/et_pb_row][et_pb_row _builder_version=\u00a0\u00bb4.19.1&Prime; _module_preset=\u00a0\u00bbdefault\u00a0\u00bb width=\u00a0\u00bb90%\u00a0\u00bb max_width=\u00a0\u00bb90%\u00a0\u00bb custom_margin=\u00a0\u00bb||40px||false|false\u00a0\u00bb custom_padding=\u00a0\u00bb0px||0px||false|false\u00a0\u00bb global_colors_info=\u00a0\u00bb{}\u00a0\u00bb][et_pb_column type=\u00a0\u00bb4_4&Prime; _builder_version=\u00a0\u00bb4.19.1&Prime; _module_preset=\u00a0\u00bbdefault\u00a0\u00bb global_colors_info=\u00a0\u00bb{}\u00a0\u00bb][et_pb_text module_class=\u00a0\u00bbheadline-3&Prime; _builder_version=\u00a0\u00bb4.19.1&Prime; _module_preset=\u00a0\u00bbdefault\u00a0\u00bb header_font=\u00a0\u00bbMarket Web||||||||\u00a0\u00bb header_text_align=\u00a0\u00bbcenter\u00a0\u00bb header_text_color=\u00a0\u00bb#0B62A9&Prime; header_font_size=\u00a0\u00bb3.1rem\u00a0\u00bb header_2_font=\u00a0\u00bbMarket Web||||||||\u00a0\u00bb header_2_text_align=\u00a0\u00bbcenter\u00a0\u00bb header_2_text_color=\u00a0\u00bb#AFC800&Prime; header_2_font_size=\u00a0\u00bb1.86rem\u00a0\u00bb background_image=\u00a0\u00bbhttps:\/\/www.mohnen-forelle.de\/wp-content\/uploads\/mohnen\/icons\/icon-headline-1.png\u00a0\u00bb background_size=\u00a0\u00bbinitial\u00a0\u00bb background_position=\u00a0\u00bbtop_center\u00a0\u00bb custom_padding=\u00a0\u00bb2.6rem||||false|false\u00a0\u00bb global_colors_info=\u00a0\u00bb{}\u00a0\u00bb]<\/p>\n<h1 style=\"background-image: url('\/fileadmin\/images\/mohnen\/icons\/icon-headline-3.png');\">MOHNEN en tant qu\u2019employeur<\/h1>\n<p>[\/et_pb_text][\/et_pb_column][\/et_pb_row][et_pb_row _builder_version=\u00a0\u00bb4.19.1&Prime; _module_preset=\u00a0\u00bbdefault\u00a0\u00bb width=\u00a0\u00bb90%\u00a0\u00bb max_width=\u00a0\u00bb90%\u00a0\u00bb custom_margin=\u00a0\u00bb||60px||false|false\u00a0\u00bb custom_padding=\u00a0\u00bb0px||0px||false|false\u00a0\u00bb global_colors_info=\u00a0\u00bb{}\u00a0\u00bb][et_pb_column type=\u00a0\u00bb4_4&Prime; _builder_version=\u00a0\u00bb4.19.1&Prime; _module_preset=\u00a0\u00bbdefault\u00a0\u00bb global_colors_info=\u00a0\u00bb{}\u00a0\u00bb][et_pb_text module_class=\u00a0\u00bbheadline-3&Prime; _builder_version=\u00a0\u00bb4.19.1&Prime; _module_preset=\u00a0\u00bbdefault\u00a0\u00bb header_font=\u00a0\u00bbMarket Web||||||||\u00a0\u00bb header_text_align=\u00a0\u00bbcenter\u00a0\u00bb header_text_color=\u00a0\u00bb#0B62A9&Prime; header_font_size=\u00a0\u00bb3.1rem\u00a0\u00bb header_2_font=\u00a0\u00bbMarket Web||||||||\u00a0\u00bb header_2_text_align=\u00a0\u00bbcenter\u00a0\u00bb header_2_text_color=\u00a0\u00bb#AFC800&Prime; header_2_font_size=\u00a0\u00bb1.86rem\u00a0\u00bb text_orientation=\u00a0\u00bbjustified\u00a0\u00bb global_colors_info=\u00a0\u00bb{}\u00a0\u00bb]<\/p>\n<div class=\"frame frame-type-text frame-layout-0\" id=\"c1516\">\n<div class=\"frame frame-type-text frame-layout-0\" id=\"c1793\">\n<p class=\"align-justify\" style=\"text-align: justify;\">Le travail chez MOHNEN aquaculture est proche de la nature et vari\u00e9: nos pisciculteur.rice.s et p\u00eacheur.euse.s professionnel.le.s avec ma\u00eetrise travaillent dans les domaines de <a href=\"\/fr\/elevage\/\">l\u2019\u00e9levage<\/a>, de <a href=\"\/fr\/poisson-frais-et-fume\/\">la transformation et de l\u2019affinage<\/a> ainsi que dans <a href=\"\/fr\/poissons-vivants\/\">le commerce du poisson vivant<\/a>. Leurs points communs: une exigence constante de qualit\u00e9, un sens de la durabilit\u00e9 et un \u0153il particulier pour le bien-\u00eatre de nos poissons.<\/p>\n<p class=\"align-justify\" style=\"text-align: justify;\">Nous sommes toujours \u00e0 la recherche de renforts qualifi\u00e9s pour notre \u00e9quipe. Il est tr\u00e8s important pour nous d\u2019\u00e9tablir une relation de travail permanente et de confiance avec nos collaborateurs. Nous attendons donc des candidats avertis et engag\u00e9s. L\u2019inventit\u00e9 et la prise d\u2019initiatives sont tout aussi importantes pour nous que la fiabilit\u00e9 et le sens des responsabilit\u00e9s. Que vous soyez d\u00e9j\u00e0 p\u00eacheur.euse professionnel.le avec ma\u00eetrise, pisciculteur.rice ou \u00e0 la recherche d\u2019un contrat d\u2019apprentissage, nous vous offrons une perspective \u00e0 long terme et la possibilit\u00e9 de contribuer activement au d\u00e9veloppement de l\u2019une des plus grandes entreprises d\u2019aquaculture en Allemagne.<\/p>\n<p class=\"align-justify\" style=\"text-align: justify;\">Outre les pisciculteur.rice.s et p\u00eacheur.euse.s professionnel.le.s avec ma\u00eetrise, des conducteur.rice.s routiers, des artisan.e.s, des employ\u00e9.e.s de bureau et des vendeurs travaillent \u00e9galement dans notre entreprise, une \u00e9quipe d\u2019une trentaine de personnes motiv\u00e9es. Nos normes de qualit\u00e9 \u00e9lev\u00e9es ont toujours \u00e9t\u00e9 respect\u00e9es par tous les employ\u00e9s et sont tenues pour acquises.<\/p>\n<p class=\"align-justify\" style=\"text-align: justify;\">Travailler dans notre entreprise vous int\u00e9resse? Alors envoyez-nous votre candidature en indiquant le poste que vous plairait et indiquez- nous la date \u00e0 laquelle vous pourriez commencer. Nous sommes heureux de recevoir votre candidature et vos documents, y compris vos qualifications, \u00e0 l\u2019adresse e-mail suivante: <a href=\"mailto:info@mohnen-forelle.de\">info@mohnen-forelle.de<\/a>.<\/p>\n<\/div>\n<\/div>\n<p>[\/et_pb_text][\/et_pb_column][\/et_pb_row][\/et_pb_section][et_pb_section fb_built=\u00a0\u00bb1&Prime; _builder_version=\u00a0\u00bb4.19.1&Prime; _module_preset=\u00a0\u00bbdefault\u00a0\u00bb background_color=\u00a0\u00bb#ecf6f9&Prime; background_image=\u00a0\u00bbhttps:\/\/www.mohnen-forelle.de\/wp-content\/uploads\/mohnen\/bg-logo.png\u00a0\u00bb width=\u00a0\u00bb80%\u00a0\u00bb max_width=\u00a0\u00bb80%\u00a0\u00bb module_alignment=\u00a0\u00bbcenter\u00a0\u00bb custom_margin=\u00a0\u00bb2.4%||||false|false\u00a0\u00bb custom_padding=\u00a0\u00bb0px||0px||false|false\u00a0\u00bb locked=\u00a0\u00bboff\u00a0\u00bb global_colors_info=\u00a0\u00bb{}\u00a0\u00bb][et_pb_row use_custom_gutter=\u00a0\u00bbon\u00a0\u00bb make_equal=\u00a0\u00bbon\u00a0\u00bb _builder_version=\u00a0\u00bb4.19.1&Prime; _module_preset=\u00a0\u00bbdefault\u00a0\u00bb width=\u00a0\u00bb90%\u00a0\u00bb max_width=\u00a0\u00bb90%\u00a0\u00bb custom_margin=\u00a0\u00bb||0px||false|false\u00a0\u00bb custom_padding=\u00a0\u00bb5%||5%||false|false\u00a0\u00bb custom_css_main_element=\u00a0\u00bbalign-items: center;\u00a0\u00bb global_colors_info=\u00a0\u00bb{}\u00a0\u00bb][et_pb_column type=\u00a0\u00bb4_4&Prime; _builder_version=\u00a0\u00bb4.19.1&Prime; _module_preset=\u00a0\u00bbdefault\u00a0\u00bb global_colors_info=\u00a0\u00bb{}\u00a0\u00bb][et_pb_text module_class=\u00a0\u00bbheadline-3&Prime; _builder_version=\u00a0\u00bb4.19.1&Prime; _module_preset=\u00a0\u00bbdefault\u00a0\u00bb header_font=\u00a0\u00bbMarket Web||||||||\u00a0\u00bb header_text_align=\u00a0\u00bbcenter\u00a0\u00bb header_text_color=\u00a0\u00bb#0B62A9&Prime; header_font_size=\u00a0\u00bb3.1rem\u00a0\u00bb header_2_font=\u00a0\u00bbMarket Web||||||||\u00a0\u00bb header_2_text_align=\u00a0\u00bbcenter\u00a0\u00bb header_2_text_color=\u00a0\u00bb#0B62A9&Prime; header_2_font_size=\u00a0\u00bb3.1rem\u00a0\u00bb header_3_font=\u00a0\u00bbMarket Web||||||||\u00a0\u00bb header_3_text_align=\u00a0\u00bbcenter\u00a0\u00bb header_3_text_color=\u00a0\u00bb#AFC800&Prime; header_3_font_size=\u00a0\u00bb1.86rem\u00a0\u00bb background_image=\u00a0\u00bbhttps:\/\/www.mohnen-forelle.de\/wp-content\/uploads\/mohnen\/icons\/icon-headline-1-g.png\u00a0\u00bb background_size=\u00a0\u00bbinitial\u00a0\u00bb background_position=\u00a0\u00bbtop_center\u00a0\u00bb custom_padding=\u00a0\u00bb2.6rem||||false|false\u00a0\u00bb locked=\u00a0\u00bboff\u00a0\u00bb global_colors_info=\u00a0\u00bb{}\u00a0\u00bb]<\/p>\n<h2 style=\"background-image: url('\/fileadmin\/images\/mohnen\/icons\/icon-headline-3.png');\">Formation de pisciculteur\/piscicultrice<\/h2>\n<h3 style=\"background-image: url('\/fileadmin\/images\/mohnen\/icons\/icon-headline-3.png');\"><span>chez MOHNEN aquaculture<\/span><\/h3>\n<p>[\/et_pb_text][et_pb_text module_class=\u00a0\u00bbheadline-3&Prime; _builder_version=\u00a0\u00bb4.19.1&Prime; _module_preset=\u00a0\u00bbdefault\u00a0\u00bb header_font=\u00a0\u00bbMarket Web||||||||\u00a0\u00bb header_text_align=\u00a0\u00bbcenter\u00a0\u00bb header_text_color=\u00a0\u00bb#0B62A9&Prime; header_font_size=\u00a0\u00bb3.1rem\u00a0\u00bb header_2_font=\u00a0\u00bbMarket Web||||||||\u00a0\u00bb header_2_text_align=\u00a0\u00bbcenter\u00a0\u00bb header_2_text_color=\u00a0\u00bb#AFC800&Prime; header_2_font_size=\u00a0\u00bb1.86rem\u00a0\u00bb text_orientation=\u00a0\u00bbjustified\u00a0\u00bb global_colors_info=\u00a0\u00bb{}\u00a0\u00bb]<\/p>\n<div class=\"frame frame-type-text frame-layout-0\" id=\"c1797\">\n<p class=\"align-justify\" style=\"text-align: justify;\">La pisciculture a non seulement une longue tradition, mais elle est aussi exigeante. Le travail, souvent dur physiquement, a lieu en ext\u00e9rieur, en toutes saisons et dans toutes les conditions m\u00e9t\u00e9orologiques et ne s\u2019arr\u00eate souvent pas avant les week-ends ou les jours f\u00e9ri\u00e9s. Dans le m\u00eame temps, le m\u00e9tier de la p\u00eache est plus diversifi\u00e9e que presque toute autre profession et se caract\u00e9rise par des d\u00e9fis passionnants et vari\u00e9s. On travaille avec des personnes engag\u00e9es qui exercent leur m\u00e9tier par conviction. Et enfin, on est fier de participer \u00e0 la production d\u2019un produit de qualit\u00e9 sain et r\u00e9gional.      <\/p>\n<p class=\"align-justify\" style=\"text-align: justify;\">La pisciculture a non seulement une longue tradition, mais elle est aussi exigeante. Le travail, souvent dur physiquement, a lieu en ext\u00e9rieur, en toutes saisons et dans toutes les conditions m\u00e9t\u00e9orologiques et ne s\u2019arr\u00eate souvent pas avant les week-ends ou les jours f\u00e9ri\u00e9s. Dans le m\u00eame temps, le m\u00e9tier de la p\u00eache est plus diversifi\u00e9e que presque toute autre profession et se caract\u00e9rise par des d\u00e9fis passionnants et vari\u00e9s. On travaille avec des personnes engag\u00e9es qui exercent leur m\u00e9tier par conviction. Et enfin, on est fier de participer \u00e0 la production d\u2019un produit de qualit\u00e9 sain et r\u00e9gional.      <\/p>\n<p class=\"align-justify\" style=\"text-align: justify;\">Si vous ne craignez pas les exigences du m\u00e9tier, pr\u00e9f\u00e9rez travailler au grand air, \u00eates responsable et bien s\u00fbr avez un int\u00e9r\u00eat pour la p\u00eache, alors la formation pour devenir pisciculteur\/piscicultrice chez MOHNEN aquaculture est faite pour vous !<\/p>\n<p style=\"text-align: justify;\">Pisciculteur\/piscicultrice \u2013 un m\u00e9tier pour des hommes\/femmes de conviction<\/p>\n<\/div>\n<p>[\/et_pb_text][\/et_pb_column][\/et_pb_row][\/et_pb_section][et_pb_section fb_built=\u00a0\u00bb1&Prime; use_custom_gutter=\u00a0\u00bbon\u00a0\u00bb gutter_width=\u00a0\u00bb2&Prime; specialty=\u00a0\u00bbon\u00a0\u00bb padding_top_2=\u00a0\u00bb0px\u00a0\u00bb padding_bottom_1=\u00a0\u00bb0px\u00a0\u00bb padding_bottom_2=\u00a0\u00bb0px\u00a0\u00bb padding_top_bottom_link_1=\u00a0\u00bbfalse\u00a0\u00bb padding_top_bottom_link_2=\u00a0\u00bbfalse\u00a0\u00bb padding_left_right_link_1=\u00a0\u00bbfalse\u00a0\u00bb padding_left_right_link_2=\u00a0\u00bbfalse\u00a0\u00bb _builder_version=\u00a0\u00bb4.19.1&Prime; _module_preset=\u00a0\u00bbdefault\u00a0\u00bb module_alignment=\u00a0\u00bbcenter\u00a0\u00bb inner_width=\u00a0\u00bb80%\u00a0\u00bb inner_max_width=\u00a0\u00bb80%\u00a0\u00bb custom_margin=\u00a0\u00bb2.4%||||false|false\u00a0\u00bb custom_padding=\u00a0\u00bb0px||0px||false|false\u00a0\u00bb locked=\u00a0\u00bboff\u00a0\u00bb global_colors_info=\u00a0\u00bb{}\u00a0\u00bb][et_pb_column type=\u00a0\u00bb1_2&Prime; specialty_columns=\u00a0\u00bb2&Prime; _builder_version=\u00a0\u00bb4.16&Prime; custom_padding=\u00a0\u00bb|||\u00a0\u00bb global_colors_info=\u00a0\u00bb{}\u00a0\u00bb custom_padding__hover=\u00a0\u00bb|||\u00a0\u00bb][et_pb_row_inner _builder_version=\u00a0\u00bb4.19.1&Prime; _module_preset=\u00a0\u00bbdefault\u00a0\u00bb custom_padding=\u00a0\u00bb0px||4%||false|false\u00a0\u00bb global_colors_info=\u00a0\u00bb{}\u00a0\u00bb][et_pb_column_inner saved_specialty_column_type=\u00a0\u00bb1_2&Prime; _builder_version=\u00a0\u00bb4.19.1&Prime; _module_preset=\u00a0\u00bbdefault\u00a0\u00bb global_colors_info=\u00a0\u00bb{}\u00a0\u00bb][et_pb_image src=\u00a0\u00bbhttps:\/\/www.mohnen-forelle.de\/wp-content\/uploads\/mohnen\/galerie\/Karriere_Galerie_Alex.jpg\u00a0\u00bb alt=\u00a0\u00bbMOHNEN Mann an LKW\u00a0\u00bb force_fullwidth=\u00a0\u00bbon\u00a0\u00bb _builder_version=\u00a0\u00bb4.19.1&Prime; _module_preset=\u00a0\u00bbdefault\u00a0\u00bb global_colors_info=\u00a0\u00bb{}\u00a0\u00bb][\/et_pb_image][\/et_pb_column_inner][\/et_pb_row_inner][\/et_pb_column][et_pb_column type=\u00a0\u00bb1_2&Prime; _builder_version=\u00a0\u00bb4.16&Prime; custom_padding=\u00a0\u00bb|||\u00a0\u00bb global_colors_info=\u00a0\u00bb{}\u00a0\u00bb custom_padding__hover=\u00a0\u00bb|||\u00a0\u00bb][et_pb_image src=\u00a0\u00bbhttps:\/\/www.mohnen-forelle.de\/wp-content\/uploads\/mohnen\/galerie\/mohnen-galerie-karriere-02.jpg\u00a0\u00bb alt=\u00a0\u00bbMOHNEN Lebende Fische Fischwanne Mann h\u00e4lt Fisch in der Hand\u00a0\u00bb force_fullwidth=\u00a0\u00bbon\u00a0\u00bb _builder_version=\u00a0\u00bb4.19.1&Prime; _module_preset=\u00a0\u00bbdefault\u00a0\u00bb global_colors_info=\u00a0\u00bb{}\u00a0\u00bb][\/et_pb_image][\/et_pb_column][\/et_pb_section]<\/p>\n","protected":false},"excerpt":{"rendered":"<p>MOHNEN en tant qu\u2019employeur Le travail chez MOHNEN aquaculture est proche de la nature et vari\u00e9: nos pisciculteur.rice.s et p\u00eacheur.euse.s professionnel.le.s avec ma\u00eetrise travaillent dans les domaines de l\u2019\u00e9levage, de la transformation et de l\u2019affinage ainsi que dans le commerce du poisson vivant. Leurs points communs: une exigence constante de qualit\u00e9, un sens de la [&hellip;]<\/p>\n","protected":false},"author":2,"featured_media":0,"parent":1206,"menu_order":0,"comment_status":"closed","ping_status":"closed","template":"","meta":{"_et_pb_use_builder":"on","_et_pb_old_content":"","_et_gb_content_width":"","footnotes":""},"class_list":["post-1236","page","type-page","status-publish","hentry"],"_links":{"self":[{"href":"https:\/\/www.mohnen-forelle.de\/fr\/wp-json\/wp\/v2\/pages\/1236","targetHints":{"allow":["GET"]}}],"collection":[{"href":"https:\/\/www.mohnen-forelle.de\/fr\/wp-json\/wp\/v2\/pages"}],"about":[{"href":"https:\/\/www.mohnen-forelle.de\/fr\/wp-json\/wp\/v2\/types\/page"}],"author":[{"embeddable":true,"href":"https:\/\/www.mohnen-forelle.de\/fr\/wp-json\/wp\/v2\/users\/2"}],"replies":[{"embeddable":true,"href":"https:\/\/www.mohnen-forelle.de\/fr\/wp-json\/wp\/v2\/comments?post=1236"}],"version-history":[{"count":7,"href":"https:\/\/www.mohnen-forelle.de\/fr\/wp-json\/wp\/v2\/pages\/1236\/revisions"}],"predecessor-version":[{"id":1379,"href":"https:\/\/www.mohnen-forelle.de\/fr\/wp-json\/wp\/v2\/pages\/1236\/revisions\/1379"}],"up":[{"embeddable":true,"href":"https:\/\/www.mohnen-forelle.de\/fr\/wp-json\/wp\/v2\/pages\/1206"}],"wp:attachment":[{"href":"https:\/\/www.mohnen-forelle.de\/fr\/wp-json\/wp\/v2\/media?parent=1236"}],"curies":[{"name":"wp","href":"https:\/\/api.w.org\/{rel}","templated":true}]}}