{"id":1230,"date":"2023-08-08T13:39:55","date_gmt":"2023-08-08T11:39:55","guid":{"rendered":"https:\/\/www.mohnen-forelle.de\/entreprise\/durabilite\/"},"modified":"2023-08-16T11:52:01","modified_gmt":"2023-08-16T09:52:01","slug":"durabilite","status":"publish","type":"page","link":"https:\/\/www.mohnen-forelle.de\/fr\/entreprise\/durabilite\/","title":{"rendered":"Durabilit\u00e9"},"content":{"rendered":"<p>[et_pb_section fb_built=\u00a0\u00bb1&Prime; _builder_version=\u00a0\u00bb4.19.1&Prime; _module_preset=\u00a0\u00bbdefault\u00a0\u00bb background_image=\u00a0\u00bbhttps:\/\/www.mohnen-forelle.de\/wp-content\/uploads\/mohnen\/header\/header-nachhaltigkeit.jpg\u00a0\u00bb width=\u00a0\u00bb80%\u00a0\u00bb max_width=\u00a0\u00bb80%\u00a0\u00bb module_alignment=\u00a0\u00bbcenter\u00a0\u00bb height=\u00a0\u00bb38vh\u00a0\u00bb global_colors_info=\u00a0\u00bb{}\u00a0\u00bb][et_pb_row _builder_version=\u00a0\u00bb4.19.1&Prime; _module_preset=\u00a0\u00bbdefault\u00a0\u00bb global_colors_info=\u00a0\u00bb{}\u00a0\u00bb][et_pb_column type=\u00a0\u00bb4_4&Prime; _builder_version=\u00a0\u00bb4.19.1&Prime; _module_preset=\u00a0\u00bbdefault\u00a0\u00bb global_colors_info=\u00a0\u00bb{}\u00a0\u00bb][\/et_pb_column][\/et_pb_row][\/et_pb_section][et_pb_section fb_built=\u00a0\u00bb1&Prime; _builder_version=\u00a0\u00bb4.19.1&Prime; _module_preset=\u00a0\u00bbdefault\u00a0\u00bb background_color=\u00a0\u00bb#DCF9F6&Prime; background_enable_image=\u00a0\u00bboff\u00a0\u00bb width=\u00a0\u00bb80%\u00a0\u00bb max_width=\u00a0\u00bb80%\u00a0\u00bb module_alignment=\u00a0\u00bbcenter\u00a0\u00bb custom_padding=\u00a0\u00bb0px||10px||false|false\u00a0\u00bb global_colors_info=\u00a0\u00bb{}\u00a0\u00bb][et_pb_row _builder_version=\u00a0\u00bb4.19.1&Prime; _module_preset=\u00a0\u00bbdefault\u00a0\u00bb width=\u00a0\u00bb90%\u00a0\u00bb max_width=\u00a0\u00bb90%\u00a0\u00bb custom_margin=\u00a0\u00bb||40px||false|false\u00a0\u00bb custom_padding=\u00a0\u00bb0px||0px||false|false\u00a0\u00bb global_colors_info=\u00a0\u00bb{}\u00a0\u00bb][et_pb_column type=\u00a0\u00bb4_4&Prime; _builder_version=\u00a0\u00bb4.19.1&Prime; _module_preset=\u00a0\u00bbdefault\u00a0\u00bb global_colors_info=\u00a0\u00bb{}\u00a0\u00bb][et_pb_image src=\u00a0\u00bbhttps:\/\/www.mohnen-forelle.de\/wp-content\/uploads\/mohnen\/mohnen-siegel.png\u00a0\u00bb align=\u00a0\u00bbcenter\u00a0\u00bb _builder_version=\u00a0\u00bb4.19.1&Prime; _module_preset=\u00a0\u00bbdefault\u00a0\u00bb custom_margin=\u00a0\u00bb-70px||||false|false\u00a0\u00bb global_colors_info=\u00a0\u00bb{}\u00a0\u00bb][\/et_pb_image][\/et_pb_column][\/et_pb_row][et_pb_row _builder_version=\u00a0\u00bb4.19.1&Prime; _module_preset=\u00a0\u00bbdefault\u00a0\u00bb width=\u00a0\u00bb90%\u00a0\u00bb max_width=\u00a0\u00bb90%\u00a0\u00bb custom_margin=\u00a0\u00bb||40px||false|false\u00a0\u00bb custom_padding=\u00a0\u00bb0px||0px||false|false\u00a0\u00bb global_colors_info=\u00a0\u00bb{}\u00a0\u00bb][et_pb_column type=\u00a0\u00bb4_4&Prime; _builder_version=\u00a0\u00bb4.19.1&Prime; _module_preset=\u00a0\u00bbdefault\u00a0\u00bb global_colors_info=\u00a0\u00bb{}\u00a0\u00bb][et_pb_text module_class=\u00a0\u00bbheadline-3&Prime; _builder_version=\u00a0\u00bb4.19.1&Prime; _module_preset=\u00a0\u00bbdefault\u00a0\u00bb header_font=\u00a0\u00bbMarket Web||||||||\u00a0\u00bb header_text_align=\u00a0\u00bbcenter\u00a0\u00bb header_text_color=\u00a0\u00bb#0B62A9&Prime; header_font_size=\u00a0\u00bb3.1rem\u00a0\u00bb header_2_font=\u00a0\u00bbMarket Web||||||||\u00a0\u00bb header_2_text_align=\u00a0\u00bbcenter\u00a0\u00bb header_2_text_color=\u00a0\u00bb#AFC800&Prime; header_2_font_size=\u00a0\u00bb1.86rem\u00a0\u00bb background_image=\u00a0\u00bbhttps:\/\/www.mohnen-forelle.de\/wp-content\/uploads\/mohnen\/icons\/icon-headline-2.png\u00a0\u00bb background_size=\u00a0\u00bbinitial\u00a0\u00bb background_position=\u00a0\u00bbtop_center\u00a0\u00bb custom_padding=\u00a0\u00bb2.6rem||||false|false\u00a0\u00bb global_colors_info=\u00a0\u00bb{}\u00a0\u00bb]<\/p>\n<h1 style=\"background-image: url('\/fileadmin\/images\/mohnen\/icons\/icon-headline-3.png');\">Durabilit\u00e9<\/h1>\n<h2 style=\"background-image: url('\/fileadmin\/images\/mohnen\/icons\/icon-headline-3.png');\"><span>Engag\u00e9s dans la protection des esp\u00e8ces et de la nature<\/span><\/h2>\n<p>[\/et_pb_text][\/et_pb_column][\/et_pb_row][et_pb_row _builder_version=\u00a0\u00bb4.19.1&Prime; _module_preset=\u00a0\u00bbdefault\u00a0\u00bb width=\u00a0\u00bb90%\u00a0\u00bb max_width=\u00a0\u00bb90%\u00a0\u00bb custom_margin=\u00a0\u00bb||60px||false|false\u00a0\u00bb custom_padding=\u00a0\u00bb0px||0px||false|false\u00a0\u00bb global_colors_info=\u00a0\u00bb{}\u00a0\u00bb][et_pb_column type=\u00a0\u00bb4_4&Prime; _builder_version=\u00a0\u00bb4.19.1&Prime; _module_preset=\u00a0\u00bbdefault\u00a0\u00bb global_colors_info=\u00a0\u00bb{}\u00a0\u00bb][et_pb_text module_class=\u00a0\u00bbheadline-3&Prime; _builder_version=\u00a0\u00bb4.19.1&Prime; _module_preset=\u00a0\u00bbdefault\u00a0\u00bb header_font=\u00a0\u00bbMarket Web||||||||\u00a0\u00bb header_text_align=\u00a0\u00bbcenter\u00a0\u00bb header_text_color=\u00a0\u00bb#0B62A9&Prime; header_font_size=\u00a0\u00bb3.1rem\u00a0\u00bb header_2_font=\u00a0\u00bbMarket Web||||||||\u00a0\u00bb header_2_text_align=\u00a0\u00bbcenter\u00a0\u00bb header_2_text_color=\u00a0\u00bb#AFC800&Prime; header_2_font_size=\u00a0\u00bb1.86rem\u00a0\u00bb text_orientation=\u00a0\u00bbjustified\u00a0\u00bb hover_enabled=\u00a0\u00bb0&Prime; global_colors_info=\u00a0\u00bb{}\u00a0\u00bb sticky_enabled=\u00a0\u00bb0&Prime;]<\/p>\n<div class=\"frame frame-type-text frame-layout-0\" id=\"c1516\">\n<p class=\"align-justify\" style=\"text-align: justify;\">Nous nous effor\u00e7ons toujours d\u2019assurer la gestion durable de nos syst\u00e8mes d\u2019\u00e9tangs. Outre un <a href=\"\/fr\/elevage\/\">\u00e9levage<\/a> en douceur et l\u2019int\u00e9gration de la pisciculture \u00e0 l\u2019\u00e9cosyst\u00e8me local, la <a href=\"\/fr\/poisson-frais-et-fume\/\">transformation et l\u2019affinage<\/a> jouent \u00e9galement un r\u00f4le important. La transformation des poissons a lieu \u00e0 proximit\u00e9 imm\u00e9diate de nos sites, ce qui n&rsquo;\u00e9vite pas seulement dustress sur les animaux, mais aussi, nous permet de toujours garantir \u00e0 nos clients du poisson frais. L\u2019affinage se fait depuis toujours, hier comme aujourd\u2019hui, \u00e0 la main et est adapt\u00e9 aux commandes. Aucune nourriture animale n\u2019est ainsi jet\u00e9e. Dans le m\u00eame temps, nous sommes conscients que nos efforts ne sont pas encore termin\u00e9s et que des am\u00e9liorations sont encore possibles. Nous consid\u00e9rons qu\u2019il est de notre responsabilit\u00e9 d\u2019exploiter encore plus ce potentiel \u00e0 l\u2019avenir.<\/p>\n<\/div>\n<p>[\/et_pb_text][\/et_pb_column][\/et_pb_row][et_pb_row column_structure=\u00a0\u00bb1_2,1_2&Prime; use_custom_gutter=\u00a0\u00bbon\u00a0\u00bb make_equal=\u00a0\u00bbon\u00a0\u00bb _builder_version=\u00a0\u00bb4.19.1&Prime; _module_preset=\u00a0\u00bbdefault\u00a0\u00bb width=\u00a0\u00bb90%\u00a0\u00bb max_width=\u00a0\u00bb90%\u00a0\u00bb custom_margin=\u00a0\u00bb||60px||false|false\u00a0\u00bb custom_padding=\u00a0\u00bb0px||0px||false|false\u00a0\u00bb custom_css_main_element=\u00a0\u00bbalign-items: center;\u00a0\u00bb locked=\u00a0\u00bboff\u00a0\u00bb global_colors_info=\u00a0\u00bb{}\u00a0\u00bb][et_pb_column type=\u00a0\u00bb1_2&Prime; _builder_version=\u00a0\u00bb4.19.1&Prime; _module_preset=\u00a0\u00bbdefault\u00a0\u00bb global_colors_info=\u00a0\u00bb{}\u00a0\u00bb][et_pb_text module_class=\u00a0\u00bbheadline-3&Prime; _builder_version=\u00a0\u00bb4.19.1&Prime; _module_preset=\u00a0\u00bbdefault\u00a0\u00bb header_font=\u00a0\u00bbMarket Web||||||||\u00a0\u00bb header_text_align=\u00a0\u00bbcenter\u00a0\u00bb header_text_color=\u00a0\u00bb#0B62A9&Prime; header_font_size=\u00a0\u00bb3.1rem\u00a0\u00bb header_2_font=\u00a0\u00bbMarket Web||||||||\u00a0\u00bb header_2_text_align=\u00a0\u00bbcenter\u00a0\u00bb header_2_text_color=\u00a0\u00bb#AFC800&Prime; header_2_font_size=\u00a0\u00bb1.86rem\u00a0\u00bb global_colors_info=\u00a0\u00bb{}\u00a0\u00bb]<\/p>\n<h2 style=\"background-image: url('\/fileadmin\/images\/mohnen\/icons\/icon-headline-1-g.png');\">Une Production \u00e9conome en ressources<span><\/span><\/h2>\n<p>[\/et_pb_text][et_pb_text module_class=\u00a0\u00bbheadline-3&Prime; _builder_version=\u00a0\u00bb4.19.1&Prime; _module_preset=\u00a0\u00bbdefault\u00a0\u00bb header_font=\u00a0\u00bbMarket Web||||||||\u00a0\u00bb header_text_align=\u00a0\u00bbcenter\u00a0\u00bb header_text_color=\u00a0\u00bb#0B62A9&Prime; header_font_size=\u00a0\u00bb3.1rem\u00a0\u00bb header_2_font=\u00a0\u00bbMarket Web||||||||\u00a0\u00bb header_2_text_align=\u00a0\u00bbcenter\u00a0\u00bb header_2_text_color=\u00a0\u00bb#AFC800&Prime; header_2_font_size=\u00a0\u00bb1.86rem\u00a0\u00bb text_orientation=\u00a0\u00bbjustified\u00a0\u00bb global_colors_info=\u00a0\u00bb{}\u00a0\u00bb]<\/p>\n<div class=\"frame frame-type-text frame-layout-0\" id=\"c1516\">\n<div class=\"frame frame-type-text frame-layout-0\" id=\"c1916\">\n<div class=\"frame frame-type-text frame-layout-0\" id=\"c1707\">\n<p class=\"align-justify\" style=\"text-align: justify;\">Les aspects g\u00e9n\u00e9raux de durabilit\u00e9 de l\u2019\u00e9levage des truites sont vari\u00e9s. La truite est tr\u00e8s facile \u00e0 nourrir. Elle est capable de convertir les aliments en masse corporelle dans un rapport d\u2019environ 1:1. Gr\u00e2ce \u00e0 ce quotient alimentaire efficace, l\u2019\u00e9levage de la truite est une forme de production de prot\u00e9ines animales plus \u00e9conome en ressources et plus durable que les autres syst\u00e8mes d\u2019\u00e9levage d&rsquo;animaux. Le rendement \u00e9lev\u00e9 en filets du poisson contribue \u00e9galement \u00e0 une utilisation efficace de la ressource poisson.    <\/p>\n<p class=\"align-justify\" style=\"text-align: justify;\">La pisciculture a encore d\u2019autres qualit\u00e9s en termes d\u2019\u00e9conomie de ressources. Le potentiel de r\u00e9chauffement plan\u00e9taire issu de l\u2019\u00e9levage des truites est par exemple nettement inf\u00e9rieur \u00e0 celui de la production de viande. De plus, la production et la consommation de poissons issus de l\u2019aquaculture pr\u00e9servent les stocks dans les oc\u00e9ans. En traitant et en restituant l\u2019eau n\u00e9cessaire \u00e0 l\u2019\u00e9levage, cette ressource est \u00e9galement utilis\u00e9e de mani\u00e8re responsable.   <\/p>\n<\/div>\n<\/div>\n<\/div>\n<p>[\/et_pb_text][\/et_pb_column][et_pb_column type=\u00a0\u00bb1_2&Prime; _builder_version=\u00a0\u00bb4.19.1&Prime; _module_preset=\u00a0\u00bbdefault\u00a0\u00bb global_colors_info=\u00a0\u00bb{}\u00a0\u00bb][et_pb_image src=\u00a0\u00bbhttps:\/\/www.mohnen-forelle.de\/wp-content\/uploads\/mohnen\/thumb-mohnen-ressourcenschonende-produktion.jpg\u00a0\u00bb alt=\u00a0\u00bbMOHNEN Ressourcenschonende Produktion\u00a0\u00bb _builder_version=\u00a0\u00bb4.19.1&Prime; _module_preset=\u00a0\u00bbdefault\u00a0\u00bb border_width_all=\u00a0\u00bb8px\u00a0\u00bb border_color_all=\u00a0\u00bb#FFFFFF\u00a0\u00bb global_colors_info=\u00a0\u00bb{}\u00a0\u00bb][\/et_pb_image][\/et_pb_column][\/et_pb_row][et_pb_row column_structure=\u00a0\u00bb1_2,1_2&Prime; use_custom_gutter=\u00a0\u00bbon\u00a0\u00bb make_equal=\u00a0\u00bbon\u00a0\u00bb _builder_version=\u00a0\u00bb4.19.1&Prime; _module_preset=\u00a0\u00bbdefault\u00a0\u00bb width=\u00a0\u00bb90%\u00a0\u00bb max_width=\u00a0\u00bb90%\u00a0\u00bb custom_margin=\u00a0\u00bb||60px||false|false\u00a0\u00bb custom_padding=\u00a0\u00bb0px||0px||false|false\u00a0\u00bb custom_css_main_element=\u00a0\u00bbalign-items: center;\u00a0\u00bb locked=\u00a0\u00bboff\u00a0\u00bb global_colors_info=\u00a0\u00bb{}\u00a0\u00bb][et_pb_column type=\u00a0\u00bb1_2&Prime; _builder_version=\u00a0\u00bb4.19.1&Prime; _module_preset=\u00a0\u00bbdefault\u00a0\u00bb global_colors_info=\u00a0\u00bb{}\u00a0\u00bb][et_pb_image src=\u00a0\u00bbhttps:\/\/www.mohnen-forelle.de\/wp-content\/uploads\/mohnen\/thumb-mohnen-soziales.jpg\u00a0\u00bb alt=\u00a0\u00bbMOHNEN Soziales\u00a0\u00bb _builder_version=\u00a0\u00bb4.19.1&Prime; _module_preset=\u00a0\u00bbdefault\u00a0\u00bb border_width_all=\u00a0\u00bb8px\u00a0\u00bb border_color_all=\u00a0\u00bb#FFFFFF\u00a0\u00bb global_colors_info=\u00a0\u00bb{}\u00a0\u00bb][\/et_pb_image][\/et_pb_column][et_pb_column type=\u00a0\u00bb1_2&Prime; _builder_version=\u00a0\u00bb4.19.1&Prime; _module_preset=\u00a0\u00bbdefault\u00a0\u00bb global_colors_info=\u00a0\u00bb{}\u00a0\u00bb][et_pb_text module_class=\u00a0\u00bbheadline-3&Prime; _builder_version=\u00a0\u00bb4.19.1&Prime; _module_preset=\u00a0\u00bbdefault\u00a0\u00bb header_font=\u00a0\u00bbMarket Web||||||||\u00a0\u00bb header_text_align=\u00a0\u00bbcenter\u00a0\u00bb header_text_color=\u00a0\u00bb#0B62A9&Prime; header_font_size=\u00a0\u00bb3.1rem\u00a0\u00bb header_2_font=\u00a0\u00bbMarket Web||||||||\u00a0\u00bb header_2_text_align=\u00a0\u00bbcenter\u00a0\u00bb header_2_text_color=\u00a0\u00bb#AFC800&Prime; header_2_font_size=\u00a0\u00bb1.86rem\u00a0\u00bb global_colors_info=\u00a0\u00bb{}\u00a0\u00bb]<\/p>\n<h2 style=\"background-image: url('\/fileadmin\/images\/mohnen\/icons\/icon-headline-1-g.png');\">Projets durables: nous nous engageons<span><\/span><\/h2>\n<p>[\/et_pb_text][et_pb_text module_class=\u00a0\u00bbheadline-3&Prime; _builder_version=\u00a0\u00bb4.19.1&Prime; _module_preset=\u00a0\u00bbdefault\u00a0\u00bb header_font=\u00a0\u00bbMarket Web||||||||\u00a0\u00bb header_text_align=\u00a0\u00bbcenter\u00a0\u00bb header_text_color=\u00a0\u00bb#0B62A9&Prime; header_font_size=\u00a0\u00bb3.1rem\u00a0\u00bb header_2_font=\u00a0\u00bbMarket Web||||||||\u00a0\u00bb header_2_text_align=\u00a0\u00bbcenter\u00a0\u00bb header_2_text_color=\u00a0\u00bb#AFC800&Prime; header_2_font_size=\u00a0\u00bb1.86rem\u00a0\u00bb text_orientation=\u00a0\u00bbjustified\u00a0\u00bb global_colors_info=\u00a0\u00bb{}\u00a0\u00bb]<\/p>\n<div class=\"frame frame-type-text frame-layout-0\" id=\"c1516\">\n<div class=\"frame frame-type-text frame-layout-0\" id=\"c1916\">\n<p class=\"align-justify\">Dans le cadre du programme de r\u00e9introduction des poissons migrateurs dans la Rur de la Rh\u00e9nanie-du-Nord-Westphalie, nous soutenons l\u2019association de p\u00eache du district par la reproduction et l\u00e9levage des truites de rivi\u00e8re autochtones issues de la souche de Wehebach ainsi que par la r\u00e9introduction du saumon. L&rsquo;objectif est de promouvoir efficacement les truites locales et le saumon. L\u2019\u00e9levage annuel d\u2019environ 50 000 \u0153ufs de saumon dans notre \u00e9closerie est le fruit d\u2019une coop\u00e9ration de confiance.  <\/p>\n<\/div>\n<\/div>\n<p>[\/et_pb_text][\/et_pb_column][\/et_pb_row][\/et_pb_section]<\/p>\n","protected":false},"excerpt":{"rendered":"<p>Durabilit\u00e9 Engag\u00e9s dans la protection des esp\u00e8ces et de la nature Nous nous effor\u00e7ons toujours d\u2019assurer la gestion durable de nos syst\u00e8mes d\u2019\u00e9tangs. Outre un \u00e9levage en douceur et l\u2019int\u00e9gration de la pisciculture \u00e0 l\u2019\u00e9cosyst\u00e8me local, la transformation et l\u2019affinage jouent \u00e9galement un r\u00f4le important. La transformation des poissons a lieu \u00e0 proximit\u00e9 imm\u00e9diate de [&hellip;]<\/p>\n","protected":false},"author":2,"featured_media":0,"parent":1206,"menu_order":0,"comment_status":"closed","ping_status":"closed","template":"","meta":{"_et_pb_use_builder":"on","_et_pb_old_content":"","_et_gb_content_width":"","footnotes":""},"class_list":["post-1230","page","type-page","status-publish","hentry"],"_links":{"self":[{"href":"https:\/\/www.mohnen-forelle.de\/fr\/wp-json\/wp\/v2\/pages\/1230","targetHints":{"allow":["GET"]}}],"collection":[{"href":"https:\/\/www.mohnen-forelle.de\/fr\/wp-json\/wp\/v2\/pages"}],"about":[{"href":"https:\/\/www.mohnen-forelle.de\/fr\/wp-json\/wp\/v2\/types\/page"}],"author":[{"embeddable":true,"href":"https:\/\/www.mohnen-forelle.de\/fr\/wp-json\/wp\/v2\/users\/2"}],"replies":[{"embeddable":true,"href":"https:\/\/www.mohnen-forelle.de\/fr\/wp-json\/wp\/v2\/comments?post=1230"}],"version-history":[{"count":3,"href":"https:\/\/www.mohnen-forelle.de\/fr\/wp-json\/wp\/v2\/pages\/1230\/revisions"}],"predecessor-version":[{"id":1372,"href":"https:\/\/www.mohnen-forelle.de\/fr\/wp-json\/wp\/v2\/pages\/1230\/revisions\/1372"}],"up":[{"embeddable":true,"href":"https:\/\/www.mohnen-forelle.de\/fr\/wp-json\/wp\/v2\/pages\/1206"}],"wp:attachment":[{"href":"https:\/\/www.mohnen-forelle.de\/fr\/wp-json\/wp\/v2\/media?parent=1230"}],"curies":[{"name":"wp","href":"https:\/\/api.w.org\/{rel}","templated":true}]}}