{"id":1212,"date":"2023-08-08T13:39:08","date_gmt":"2023-08-08T11:39:08","guid":{"rendered":"https:\/\/www.mohnen-forelle.de\/entreprise\/a-propos-de-nous\/"},"modified":"2023-08-16T11:47:23","modified_gmt":"2023-08-16T09:47:23","slug":"a-propos-de-nous","status":"publish","type":"page","link":"https:\/\/www.mohnen-forelle.de\/fr\/entreprise\/a-propos-de-nous\/","title":{"rendered":"\u00c0 propos de nous"},"content":{"rendered":"<p>[et_pb_section fb_built=\u00a0\u00bb1&Prime; _builder_version=\u00a0\u00bb4.19.1&Prime; _module_preset=\u00a0\u00bbdefault\u00a0\u00bb background_image=\u00a0\u00bbhttps:\/\/www.mohnen-forelle.de\/wp-content\/uploads\/mohnen\/header\/Header_-_ueber_uns_III.jpg\u00a0\u00bb width=\u00a0\u00bb80%\u00a0\u00bb max_width=\u00a0\u00bb80%\u00a0\u00bb module_alignment=\u00a0\u00bbcenter\u00a0\u00bb height=\u00a0\u00bb38vh\u00a0\u00bb global_colors_info=\u00a0\u00bb{}\u00a0\u00bb][et_pb_row _builder_version=\u00a0\u00bb4.19.1&Prime; _module_preset=\u00a0\u00bbdefault\u00a0\u00bb global_colors_info=\u00a0\u00bb{}\u00a0\u00bb][et_pb_column type=\u00a0\u00bb4_4&Prime; _builder_version=\u00a0\u00bb4.19.1&Prime; _module_preset=\u00a0\u00bbdefault\u00a0\u00bb global_colors_info=\u00a0\u00bb{}\u00a0\u00bb][\/et_pb_column][\/et_pb_row][\/et_pb_section][et_pb_section fb_built=\u00a0\u00bb1&Prime; _builder_version=\u00a0\u00bb4.19.1&Prime; _module_preset=\u00a0\u00bbdefault\u00a0\u00bb background_color=\u00a0\u00bb#DCF9F6&Prime; background_enable_image=\u00a0\u00bboff\u00a0\u00bb width=\u00a0\u00bb80%\u00a0\u00bb max_width=\u00a0\u00bb80%\u00a0\u00bb module_alignment=\u00a0\u00bbcenter\u00a0\u00bb custom_padding=\u00a0\u00bb0px||10px||false|false\u00a0\u00bb global_colors_info=\u00a0\u00bb{}\u00a0\u00bb][et_pb_row _builder_version=\u00a0\u00bb4.19.1&Prime; _module_preset=\u00a0\u00bbdefault\u00a0\u00bb width=\u00a0\u00bb90%\u00a0\u00bb max_width=\u00a0\u00bb90%\u00a0\u00bb custom_margin=\u00a0\u00bb||40px||false|false\u00a0\u00bb custom_padding=\u00a0\u00bb0px||0px||false|false\u00a0\u00bb global_colors_info=\u00a0\u00bb{}\u00a0\u00bb][et_pb_column type=\u00a0\u00bb4_4&Prime; _builder_version=\u00a0\u00bb4.19.1&Prime; _module_preset=\u00a0\u00bbdefault\u00a0\u00bb global_colors_info=\u00a0\u00bb{}\u00a0\u00bb][et_pb_image src=\u00a0\u00bbhttps:\/\/www.mohnen-forelle.de\/wp-content\/uploads\/mohnen\/mohnen-siegel.png\u00a0\u00bb align=\u00a0\u00bbcenter\u00a0\u00bb _builder_version=\u00a0\u00bb4.19.1&Prime; _module_preset=\u00a0\u00bbdefault\u00a0\u00bb custom_margin=\u00a0\u00bb-70px||||false|false\u00a0\u00bb global_colors_info=\u00a0\u00bb{}\u00a0\u00bb][\/et_pb_image][\/et_pb_column][\/et_pb_row][et_pb_row _builder_version=\u00a0\u00bb4.19.1&Prime; _module_preset=\u00a0\u00bbdefault\u00a0\u00bb width=\u00a0\u00bb90%\u00a0\u00bb max_width=\u00a0\u00bb90%\u00a0\u00bb custom_margin=\u00a0\u00bb||40px||false|false\u00a0\u00bb custom_padding=\u00a0\u00bb0px||0px||false|false\u00a0\u00bb global_colors_info=\u00a0\u00bb{}\u00a0\u00bb][et_pb_column type=\u00a0\u00bb4_4&Prime; _builder_version=\u00a0\u00bb4.19.1&Prime; _module_preset=\u00a0\u00bbdefault\u00a0\u00bb global_colors_info=\u00a0\u00bb{}\u00a0\u00bb][et_pb_text module_class=\u00a0\u00bbheadline-3&Prime; _builder_version=\u00a0\u00bb4.19.1&Prime; _module_preset=\u00a0\u00bbdefault\u00a0\u00bb header_font=\u00a0\u00bbMarket Web||||||||\u00a0\u00bb header_text_align=\u00a0\u00bbcenter\u00a0\u00bb header_text_color=\u00a0\u00bb#0B62A9&Prime; header_font_size=\u00a0\u00bb3.1rem\u00a0\u00bb header_2_font=\u00a0\u00bbMarket Web||||||||\u00a0\u00bb header_2_text_align=\u00a0\u00bbcenter\u00a0\u00bb header_2_text_color=\u00a0\u00bb#AFC800&Prime; header_2_font_size=\u00a0\u00bb1.86rem\u00a0\u00bb background_image=\u00a0\u00bbhttps:\/\/www.mohnen-forelle.de\/wp-content\/uploads\/mohnen\/icons\/icon-headline-1.png\u00a0\u00bb background_size=\u00a0\u00bbinitial\u00a0\u00bb background_position=\u00a0\u00bbtop_center\u00a0\u00bb custom_padding=\u00a0\u00bb2.6rem||||false|false\u00a0\u00bb global_colors_info=\u00a0\u00bb{}\u00a0\u00bb]<\/p>\n<h1 style=\"background-image: url('\/fileadmin\/images\/mohnen\/icons\/icon-headline-3.png');\">\u00c0 propos de nous<\/h1>\n<h2 style=\"background-image: url('\/fileadmin\/images\/mohnen\/icons\/icon-headline-3.png');\"><span>La qualit\u00e9 par l\u2019exp\u00e9rience et le savoir-faire<\/span><\/h2>\n<p>[\/et_pb_text][\/et_pb_column][\/et_pb_row][et_pb_row _builder_version=\u00a0\u00bb4.19.1&Prime; _module_preset=\u00a0\u00bbdefault\u00a0\u00bb width=\u00a0\u00bb90%\u00a0\u00bb max_width=\u00a0\u00bb90%\u00a0\u00bb custom_margin=\u00a0\u00bb||60px||false|false\u00a0\u00bb custom_padding=\u00a0\u00bb0px||0px||false|false\u00a0\u00bb global_colors_info=\u00a0\u00bb{}\u00a0\u00bb][et_pb_column type=\u00a0\u00bb4_4&Prime; _builder_version=\u00a0\u00bb4.19.1&Prime; _module_preset=\u00a0\u00bbdefault\u00a0\u00bb global_colors_info=\u00a0\u00bb{}\u00a0\u00bb][et_pb_text module_class=\u00a0\u00bbheadline-3&Prime; _builder_version=\u00a0\u00bb4.19.1&Prime; _module_preset=\u00a0\u00bbdefault\u00a0\u00bb header_font=\u00a0\u00bbMarket Web||||||||\u00a0\u00bb header_text_align=\u00a0\u00bbcenter\u00a0\u00bb header_text_color=\u00a0\u00bb#0B62A9&Prime; header_font_size=\u00a0\u00bb3.1rem\u00a0\u00bb header_2_font=\u00a0\u00bbMarket Web||||||||\u00a0\u00bb header_2_text_align=\u00a0\u00bbcenter\u00a0\u00bb header_2_text_color=\u00a0\u00bb#AFC800&Prime; header_2_font_size=\u00a0\u00bb1.86rem\u00a0\u00bb text_orientation=\u00a0\u00bbjustified\u00a0\u00bb hover_enabled=\u00a0\u00bb0&Prime; global_colors_info=\u00a0\u00bb{}\u00a0\u00bb sticky_enabled=\u00a0\u00bb0&Prime;]<\/p>\n<div class=\"frame frame-type-text frame-layout-0\" id=\"c1516\">\n<p class=\"align-justify\">Depuis plus de cinq d\u00e9cennies, le nom MOHNEN aquaculture est synonyme de truites de premi\u00e8re classe du Voreifel. Notre pisciculture agricole a toujours \u00e9t\u00e9 une entreprise familiale, maintenant dans la troisi\u00e8me g\u00e9n\u00e9ration. Les deux fr\u00e8res Elmar et Udo Mohnen ont rapidement assum\u00e9 d\u2019importantes t\u00e2ches essentielles et sont copropri\u00e9taires depuis 1987. Elmar Mohnen g\u00e8re les activit\u00e9s commerciales, Udo Mohnen est responsable de l\u2019\u00e9levage et de la reproduction ainsi que des op\u00e9rations techniques. Depuis 2019, Philipp Mohnen fait \u00e9galement partie de l\u2019entreprise.<\/p>\n<p>Notre \u00e9quipe se compose au total de pr\u00e8s de 30 employ\u00e9.e.s, parmi lesquels des p\u00eacheur.euse.s professionnel.le.s avec ma\u00eetrise exp\u00e9riment\u00e9s, des pisciculteur.rice.s qualifi\u00e9.e.s, des conducteur.rice.s et des apprentis, ainsi que des employ\u00e9.e.s motiv\u00e9.e.s dans la vente, l\u2019administration et la maintenance de nos syst\u00e8mes. Nous partageons tous une exigence commune pour la qualit\u00e9. Nous attachons \u00e9galement une grande importance \u00e0 la <a href=\"\/fr\/entreprise\/durabilite\/\">gestion durable<\/a> de la pisciculture. Nous envisageons d\u00e9j\u00e0 de nombreuses mesures pour une utilisation raisonn\u00e9e des ressources. Nous savons \u00e9galement qu\u2019il existe pour nous aussi un potentiel en mati\u00e8re d\u2019am\u00e9liorations. C\u2019est pourquoi nous v\u00e9rifions r\u00e9guli\u00e8rement les mesures que nous pouvons encore mettre en \u0153uvre dans le domaine de la durabilit\u00e9. Nos nombreuses ann\u00e9es d\u2019exp\u00e9rience, notre haut niveau d\u2019expertise et notre grand soins se retrouvent dans notre \u00e9levage naturel : car pour nous, la truite est plus qu\u2019un simple produit.<\/p>\n<\/div>\n<p>[\/et_pb_text][\/et_pb_column][\/et_pb_row][\/et_pb_section][et_pb_section fb_built=\u00a0\u00bb1&Prime; use_custom_gutter=\u00a0\u00bbon\u00a0\u00bb gutter_width=\u00a0\u00bb2&Prime; specialty=\u00a0\u00bbon\u00a0\u00bb padding_top_2=\u00a0\u00bb0px\u00a0\u00bb padding_bottom_1=\u00a0\u00bb0px\u00a0\u00bb padding_bottom_2=\u00a0\u00bb0px\u00a0\u00bb padding_top_bottom_link_1=\u00a0\u00bbfalse\u00a0\u00bb padding_top_bottom_link_2=\u00a0\u00bbfalse\u00a0\u00bb padding_left_right_link_1=\u00a0\u00bbfalse\u00a0\u00bb padding_left_right_link_2=\u00a0\u00bbfalse\u00a0\u00bb _builder_version=\u00a0\u00bb4.19.1&Prime; _module_preset=\u00a0\u00bbdefault\u00a0\u00bb module_alignment=\u00a0\u00bbcenter\u00a0\u00bb inner_width=\u00a0\u00bb80%\u00a0\u00bb inner_max_width=\u00a0\u00bb80%\u00a0\u00bb custom_margin=\u00a0\u00bb2.4%||||false|false\u00a0\u00bb custom_padding=\u00a0\u00bb0px||0px||false|false\u00a0\u00bb locked=\u00a0\u00bboff\u00a0\u00bb global_colors_info=\u00a0\u00bb{}\u00a0\u00bb][et_pb_column type=\u00a0\u00bb1_2&Prime; specialty_columns=\u00a0\u00bb2&Prime; _builder_version=\u00a0\u00bb4.16&Prime; custom_padding=\u00a0\u00bb|||\u00a0\u00bb global_colors_info=\u00a0\u00bb{}\u00a0\u00bb custom_padding__hover=\u00a0\u00bb|||\u00a0\u00bb][et_pb_row_inner _builder_version=\u00a0\u00bb4.19.1&Prime; _module_preset=\u00a0\u00bbdefault\u00a0\u00bb custom_padding=\u00a0\u00bb0px||4%||false|false\u00a0\u00bb global_colors_info=\u00a0\u00bb{}\u00a0\u00bb][et_pb_column_inner saved_specialty_column_type=\u00a0\u00bb1_2&Prime; _builder_version=\u00a0\u00bb4.19.1&Prime; _module_preset=\u00a0\u00bbdefault\u00a0\u00bb global_colors_info=\u00a0\u00bb{}\u00a0\u00bb][et_pb_image src=\u00a0\u00bbhttps:\/\/www.mohnen-forelle.de\/wp-content\/uploads\/mohnen\/galerie\/mohnen-galerie-ueber-uns-02.jpg\u00a0\u00bb alt=\u00a0\u00bbMOHNEN Lebende Fische Wasserrutsche\u00a0\u00bb force_fullwidth=\u00a0\u00bbon\u00a0\u00bb _builder_version=\u00a0\u00bb4.19.1&Prime; _module_preset=\u00a0\u00bbdefault\u00a0\u00bb global_colors_info=\u00a0\u00bb{}\u00a0\u00bb][\/et_pb_image][\/et_pb_column_inner][\/et_pb_row_inner][et_pb_row_inner column_structure=\u00a0\u00bb1_2,1_2&Prime; use_custom_gutter=\u00a0\u00bbon\u00a0\u00bb gutter_width=\u00a0\u00bb2&Prime; _builder_version=\u00a0\u00bb4.19.1&Prime; _module_preset=\u00a0\u00bbdefault\u00a0\u00bb custom_padding=\u00a0\u00bb0px||0px||false|false\u00a0\u00bb global_colors_info=\u00a0\u00bb{}\u00a0\u00bb][et_pb_column_inner type=\u00a0\u00bb1_2&Prime; saved_specialty_column_type=\u00a0\u00bb1_2&Prime; _builder_version=\u00a0\u00bb4.19.1&Prime; _module_preset=\u00a0\u00bbdefault\u00a0\u00bb global_colors_info=\u00a0\u00bb{}\u00a0\u00bb][et_pb_image src=\u00a0\u00bbhttps:\/\/www.mohnen-forelle.de\/wp-content\/uploads\/mohnen\/galerie\/Ueber_uns_-_Galerie_klein_Kontrolle_Abfahrt.jpg\u00a0\u00bb alt=\u00a0\u00bbMOHNEN Mann an LKW\u00a0\u00bb force_fullwidth=\u00a0\u00bbon\u00a0\u00bb _builder_version=\u00a0\u00bb4.19.1&Prime; _module_preset=\u00a0\u00bbdefault\u00a0\u00bb global_colors_info=\u00a0\u00bb{}\u00a0\u00bb][\/et_pb_image][\/et_pb_column_inner][et_pb_column_inner type=\u00a0\u00bb1_2&Prime; saved_specialty_column_type=\u00a0\u00bb1_2&Prime; _builder_version=\u00a0\u00bb4.19.1&Prime; _module_preset=\u00a0\u00bbdefault\u00a0\u00bb global_colors_info=\u00a0\u00bb{}\u00a0\u00bb][et_pb_image src=\u00a0\u00bbhttps:\/\/www.mohnen-forelle.de\/wp-content\/uploads\/mohnen\/galerie\/mohnen-galerie-ueber-uns-04.jpg\u00a0\u00bb alt=\u00a0\u00bbMOHNEN F\u00fctterung Angelpark Untermaubach\u00a0\u00bb force_fullwidth=\u00a0\u00bbon\u00a0\u00bb _builder_version=\u00a0\u00bb4.19.1&Prime; _module_preset=\u00a0\u00bbdefault\u00a0\u00bb global_colors_info=\u00a0\u00bb{}\u00a0\u00bb][\/et_pb_image][\/et_pb_column_inner][\/et_pb_row_inner][\/et_pb_column][et_pb_column type=\u00a0\u00bb1_2&Prime; _builder_version=\u00a0\u00bb4.16&Prime; custom_padding=\u00a0\u00bb|||\u00a0\u00bb global_colors_info=\u00a0\u00bb{}\u00a0\u00bb custom_padding__hover=\u00a0\u00bb|||\u00a0\u00bb][et_pb_image src=\u00a0\u00bbhttps:\/\/www.mohnen-forelle.de\/wp-content\/uploads\/mohnen\/galerie\/mohnen-galerie-ueber-uns-01.jpg\u00a0\u00bb alt=\u00a0\u00bbMOHNEN LKW mit Gabelstapler und 2 Mitarbeitern\u00a0\u00bb force_fullwidth=\u00a0\u00bbon\u00a0\u00bb _builder_version=\u00a0\u00bb4.19.1&Prime; _module_preset=\u00a0\u00bbdefault\u00a0\u00bb global_colors_info=\u00a0\u00bb{}\u00a0\u00bb][\/et_pb_image][\/et_pb_column][\/et_pb_section]<\/p>\n","protected":false},"excerpt":{"rendered":"<p>\u00c0 propos de nous La qualit\u00e9 par l\u2019exp\u00e9rience et le savoir-faire Depuis plus de cinq d\u00e9cennies, le nom MOHNEN aquaculture est synonyme de truites de premi\u00e8re classe du Voreifel. Notre pisciculture agricole a toujours \u00e9t\u00e9 une entreprise familiale, maintenant dans la troisi\u00e8me g\u00e9n\u00e9ration. Les deux fr\u00e8res Elmar et Udo Mohnen ont rapidement assum\u00e9 d\u2019importantes t\u00e2ches [&hellip;]<\/p>\n","protected":false},"author":2,"featured_media":0,"parent":1206,"menu_order":0,"comment_status":"closed","ping_status":"closed","template":"","meta":{"_et_pb_use_builder":"on","_et_pb_old_content":"","_et_gb_content_width":"","footnotes":""},"class_list":["post-1212","page","type-page","status-publish","hentry"],"_links":{"self":[{"href":"https:\/\/www.mohnen-forelle.de\/fr\/wp-json\/wp\/v2\/pages\/1212","targetHints":{"allow":["GET"]}}],"collection":[{"href":"https:\/\/www.mohnen-forelle.de\/fr\/wp-json\/wp\/v2\/pages"}],"about":[{"href":"https:\/\/www.mohnen-forelle.de\/fr\/wp-json\/wp\/v2\/types\/page"}],"author":[{"embeddable":true,"href":"https:\/\/www.mohnen-forelle.de\/fr\/wp-json\/wp\/v2\/users\/2"}],"replies":[{"embeddable":true,"href":"https:\/\/www.mohnen-forelle.de\/fr\/wp-json\/wp\/v2\/comments?post=1212"}],"version-history":[{"count":3,"href":"https:\/\/www.mohnen-forelle.de\/fr\/wp-json\/wp\/v2\/pages\/1212\/revisions"}],"predecessor-version":[{"id":1366,"href":"https:\/\/www.mohnen-forelle.de\/fr\/wp-json\/wp\/v2\/pages\/1212\/revisions\/1366"}],"up":[{"embeddable":true,"href":"https:\/\/www.mohnen-forelle.de\/fr\/wp-json\/wp\/v2\/pages\/1206"}],"wp:attachment":[{"href":"https:\/\/www.mohnen-forelle.de\/fr\/wp-json\/wp\/v2\/media?parent=1212"}],"curies":[{"name":"wp","href":"https:\/\/api.w.org\/{rel}","templated":true}]}}