{"id":1108,"date":"2023-08-08T13:40:51","date_gmt":"2023-08-08T11:40:51","guid":{"rendered":"https:\/\/www.mohnen-forelle.de\/mentions-legales\/"},"modified":"2023-08-15T09:48:09","modified_gmt":"2023-08-15T07:48:09","slug":"mentions-legales","status":"publish","type":"page","link":"https:\/\/www.mohnen-forelle.de\/fr\/mentions-legales\/","title":{"rendered":"Mentions l\u00e9gales"},"content":{"rendered":"<p>[et_pb_section fb_built=\u00a0\u00bb1&Prime; _builder_version=\u00a0\u00bb4.19.1&Prime; _module_preset=\u00a0\u00bbdefault\u00a0\u00bb background_image=\u00a0\u00bbhttps:\/\/www.mohnen-forelle.de\/wp-content\/uploads\/mohnen\/header\/header-impressum.jpg\u00a0\u00bb width=\u00a0\u00bb80%\u00a0\u00bb max_width=\u00a0\u00bb80%\u00a0\u00bb module_alignment=\u00a0\u00bbcenter\u00a0\u00bb height=\u00a0\u00bb38vh\u00a0\u00bb global_colors_info=\u00a0\u00bb{}\u00a0\u00bb][et_pb_row _builder_version=\u00a0\u00bb4.19.1&Prime; _module_preset=\u00a0\u00bbdefault\u00a0\u00bb global_colors_info=\u00a0\u00bb{}\u00a0\u00bb][et_pb_column type=\u00a0\u00bb4_4&Prime; _builder_version=\u00a0\u00bb4.19.1&Prime; _module_preset=\u00a0\u00bbdefault\u00a0\u00bb global_colors_info=\u00a0\u00bb{}\u00a0\u00bb][\/et_pb_column][\/et_pb_row][\/et_pb_section][et_pb_section fb_built=\u00a0\u00bb1&Prime; _builder_version=\u00a0\u00bb4.19.1&Prime; _module_preset=\u00a0\u00bbdefault\u00a0\u00bb background_color=\u00a0\u00bb#DCF9F6&Prime; background_enable_image=\u00a0\u00bboff\u00a0\u00bb width=\u00a0\u00bb80%\u00a0\u00bb max_width=\u00a0\u00bb80%\u00a0\u00bb module_alignment=\u00a0\u00bbcenter\u00a0\u00bb custom_padding=\u00a0\u00bb0px||10px||false|false\u00a0\u00bb global_colors_info=\u00a0\u00bb{}\u00a0\u00bb][et_pb_row _builder_version=\u00a0\u00bb4.19.1&Prime; _module_preset=\u00a0\u00bbdefault\u00a0\u00bb width=\u00a0\u00bb90%\u00a0\u00bb max_width=\u00a0\u00bb90%\u00a0\u00bb custom_margin=\u00a0\u00bb||40px||false|false\u00a0\u00bb custom_padding=\u00a0\u00bb0px||0px||false|false\u00a0\u00bb global_colors_info=\u00a0\u00bb{}\u00a0\u00bb][et_pb_column type=\u00a0\u00bb4_4&Prime; _builder_version=\u00a0\u00bb4.19.1&Prime; _module_preset=\u00a0\u00bbdefault\u00a0\u00bb global_colors_info=\u00a0\u00bb{}\u00a0\u00bb][et_pb_image src=\u00a0\u00bbhttps:\/\/www.mohnen-forelle.de\/wp-content\/uploads\/mohnen\/mohnen-siegel.png\u00a0\u00bb align=\u00a0\u00bbcenter\u00a0\u00bb _builder_version=\u00a0\u00bb4.19.1&Prime; _module_preset=\u00a0\u00bbdefault\u00a0\u00bb custom_margin=\u00a0\u00bb-70px||||false|false\u00a0\u00bb global_colors_info=\u00a0\u00bb{}\u00a0\u00bb][\/et_pb_image][\/et_pb_column][\/et_pb_row][et_pb_row _builder_version=\u00a0\u00bb4.19.1&Prime; _module_preset=\u00a0\u00bbdefault\u00a0\u00bb width=\u00a0\u00bb90%\u00a0\u00bb max_width=\u00a0\u00bb90%\u00a0\u00bb custom_margin=\u00a0\u00bb||40px||false|false\u00a0\u00bb custom_padding=\u00a0\u00bb0px||0px||false|false\u00a0\u00bb global_colors_info=\u00a0\u00bb{}\u00a0\u00bb][et_pb_column type=\u00a0\u00bb4_4&Prime; _builder_version=\u00a0\u00bb4.19.1&Prime; _module_preset=\u00a0\u00bbdefault\u00a0\u00bb global_colors_info=\u00a0\u00bb{}\u00a0\u00bb][et_pb_text module_class=\u00a0\u00bbheadline-3&Prime; _builder_version=\u00a0\u00bb4.19.1&Prime; _module_preset=\u00a0\u00bbdefault\u00a0\u00bb header_font=\u00a0\u00bbMarket Web||||||||\u00a0\u00bb header_text_align=\u00a0\u00bbcenter\u00a0\u00bb header_text_color=\u00a0\u00bb#0B62A9&Prime; header_font_size=\u00a0\u00bb3.1rem\u00a0\u00bb header_2_font=\u00a0\u00bbMarket Web||||||||\u00a0\u00bb header_2_text_align=\u00a0\u00bbcenter\u00a0\u00bb header_2_text_color=\u00a0\u00bb#AFC800&Prime; header_2_font_size=\u00a0\u00bb1.86rem\u00a0\u00bb background_image=\u00a0\u00bbhttps:\/\/www.mohnen-forelle.de\/wp-content\/uploads\/mohnen\/icons\/icon-headline-1.png\u00a0\u00bb background_size=\u00a0\u00bbinitial\u00a0\u00bb background_position=\u00a0\u00bbtop_center\u00a0\u00bb custom_padding=\u00a0\u00bb2.6rem||||false|false\u00a0\u00bb global_colors_info=\u00a0\u00bb{}\u00a0\u00bb]<\/p>\n<h1 style=\"background-image: url('\/fileadmin\/images\/mohnen\/icons\/icon-headline-3.png');\">Mentions l\u00e9gales<\/h1>\n<h2 style=\"background-image: url('\/fileadmin\/images\/mohnen\/icons\/icon-headline-3.png');\"><span>MOHNEN aquaculture<\/span><\/h2>\n<p>[\/et_pb_text][\/et_pb_column][\/et_pb_row][et_pb_row _builder_version=\u00a0\u00bb4.19.1&Prime; _module_preset=\u00a0\u00bbdefault\u00a0\u00bb width=\u00a0\u00bb90%\u00a0\u00bb max_width=\u00a0\u00bb90%\u00a0\u00bb custom_margin=\u00a0\u00bb||60px||false|false\u00a0\u00bb custom_padding=\u00a0\u00bb0px||0px||false|false\u00a0\u00bb global_colors_info=\u00a0\u00bb{}\u00a0\u00bb][et_pb_column type=\u00a0\u00bb4_4&Prime; _builder_version=\u00a0\u00bb4.19.1&Prime; _module_preset=\u00a0\u00bbdefault\u00a0\u00bb global_colors_info=\u00a0\u00bb{}\u00a0\u00bb][et_pb_text module_class=\u00a0\u00bbheadline-3&Prime; _builder_version=\u00a0\u00bb4.19.1&Prime; _module_preset=\u00a0\u00bbdefault\u00a0\u00bb header_font=\u00a0\u00bbMarket Web||||||||\u00a0\u00bb header_text_align=\u00a0\u00bbcenter\u00a0\u00bb header_text_color=\u00a0\u00bb#0B62A9&Prime; header_font_size=\u00a0\u00bb3.1rem\u00a0\u00bb header_2_font=\u00a0\u00bbMarket Web||||||||\u00a0\u00bb header_2_text_align=\u00a0\u00bbcenter\u00a0\u00bb header_2_text_color=\u00a0\u00bb#AFC800&Prime; header_2_font_size=\u00a0\u00bb1.86rem\u00a0\u00bb text_orientation=\u00a0\u00bbjustified\u00a0\u00bb hover_enabled=\u00a0\u00bb0&Prime; global_colors_info=\u00a0\u00bb{}\u00a0\u00bb sticky_enabled=\u00a0\u00bb0&Prime;]<\/p>\n<div class=\"frame frame-type-text frame-layout-0\" id=\"c1542\">\n<h3 class=\"align-center\" style=\"text-align: center;\">Responsable du contenu de ce site Web:<\/h3>\n<p class=\"align-center\" style=\"text-align: center;\">Mohnen GmbH<br \/>Truites\/Commerce\/Vente\/Poissons de repeuplement<\/p>\n<p class=\"align-center\" style=\"text-align: center;\">Elle 19<br \/>52224 Stolberg-Gressenich<\/p>\n<p class=\"align-center\" style=\"text-align: center;\">T\u00e9l\u00e9phone: 0 24 09 &#8211; 79 94 -0<br \/>Fax: 0 24 09 &#8211; 79 94 -25<br \/>Email: <a href=\"mailto:info@mohnen-forelle.de\">info@mohnen-forelle.de<\/a><\/p>\n<p class=\"align-center\" style=\"text-align: center;\">Directeur g\u00e9n\u00e9ral: Elmar Mohnen<\/p>\n<p class=\"align-center\" style=\"text-align: center;\">N\u00b0 de TVA: DE 121738619<\/p>\n<p class=\"align-center\" style=\"text-align: center;\">Si\u00e8ge de la soci\u00e9t\u00e9: 52224 Stolberg<br \/>Inscrit au registre du commerce HRB 11290<\/p>\n<p>&nbsp;<\/p>\n<h3 style=\"text-align: center;\">EU-Streitschlichtung<\/h3>\n<p style=\"text-align: center;\">Die Europ\u00e4ische Kommission stellt eine Plattform zur Online-Streitbeilegung (OS) bereit: <a href=\"https:\/\/ec.europa.eu\/consumers\/odr\/\" target=\"_blank\" rel=\"noopener noreferrer\">https:\/\/ec.europa.eu\/consumers\/odr\/<\/a>.<br \/>Unsere E-Mail-Adresse finden Sie oben im Impressum.<\/p>\n<p>&nbsp;<\/p>\n<h3 style=\"text-align: center;\">Verbraucher\u00adstreit\u00adbeilegung\/Universal\u00adschlichtungs\u00adstelle<\/h3>\n<p style=\"text-align: center;\">Wir sind nicht bereit oder verpflichtet, an Streitbeilegungsverfahren vor einer Verbraucherschlichtungsstelle teilzunehmen.<\/p>\n<\/div>\n<p>[\/et_pb_text][\/et_pb_column][\/et_pb_row][\/et_pb_section]<\/p>\n","protected":false},"excerpt":{"rendered":"<p>Mentions l\u00e9gales MOHNEN aquaculture Responsable du contenu de ce site Web: Mohnen GmbHTruites\/Commerce\/Vente\/Poissons de repeuplement Elle 1952224 Stolberg-Gressenich T\u00e9l\u00e9phone: 0 24 09 &#8211; 79 94 -0Fax: 0 24 09 &#8211; 79 94 -25Email: info@mohnen-forelle.de Directeur g\u00e9n\u00e9ral: Elmar Mohnen N\u00b0 de TVA: DE 121738619 Si\u00e8ge de la soci\u00e9t\u00e9: 52224 StolbergInscrit au registre du commerce HRB 11290 [&hellip;]<\/p>\n","protected":false},"author":2,"featured_media":0,"parent":0,"menu_order":0,"comment_status":"closed","ping_status":"closed","template":"","meta":{"_et_pb_use_builder":"on","_et_pb_old_content":"","_et_gb_content_width":"","footnotes":""},"class_list":["post-1108","page","type-page","status-publish","hentry"],"_links":{"self":[{"href":"https:\/\/www.mohnen-forelle.de\/fr\/wp-json\/wp\/v2\/pages\/1108","targetHints":{"allow":["GET"]}}],"collection":[{"href":"https:\/\/www.mohnen-forelle.de\/fr\/wp-json\/wp\/v2\/pages"}],"about":[{"href":"https:\/\/www.mohnen-forelle.de\/fr\/wp-json\/wp\/v2\/types\/page"}],"author":[{"embeddable":true,"href":"https:\/\/www.mohnen-forelle.de\/fr\/wp-json\/wp\/v2\/users\/2"}],"replies":[{"embeddable":true,"href":"https:\/\/www.mohnen-forelle.de\/fr\/wp-json\/wp\/v2\/comments?post=1108"}],"version-history":[{"count":2,"href":"https:\/\/www.mohnen-forelle.de\/fr\/wp-json\/wp\/v2\/pages\/1108\/revisions"}],"predecessor-version":[{"id":1110,"href":"https:\/\/www.mohnen-forelle.de\/fr\/wp-json\/wp\/v2\/pages\/1108\/revisions\/1110"}],"wp:attachment":[{"href":"https:\/\/www.mohnen-forelle.de\/fr\/wp-json\/wp\/v2\/media?parent=1108"}],"curies":[{"name":"wp","href":"https:\/\/api.w.org\/{rel}","templated":true}]}}