{"id":1102,"date":"2023-08-08T13:50:05","date_gmt":"2023-08-08T11:50:05","guid":{"rendered":"https:\/\/www.mohnen-forelle.de\/contact\/"},"modified":"2023-08-14T15:03:29","modified_gmt":"2023-08-14T13:03:29","slug":"contact","status":"publish","type":"page","link":"https:\/\/www.mohnen-forelle.de\/fr\/contact\/","title":{"rendered":"Contact"},"content":{"rendered":"<p>[et_pb_section fb_built=\u00a0\u00bb1&Prime; _builder_version=\u00a0\u00bb4.19.1&Prime; _module_preset=\u00a0\u00bbdefault\u00a0\u00bb background_image=\u00a0\u00bbhttps:\/\/www.mohnen-forelle.de\/wp-content\/uploads\/mohnen\/header\/header-kontakt.jpg\u00a0\u00bb width=\u00a0\u00bb80%\u00a0\u00bb max_width=\u00a0\u00bb80%\u00a0\u00bb module_alignment=\u00a0\u00bbcenter\u00a0\u00bb height=\u00a0\u00bb38vh\u00a0\u00bb hover_enabled=\u00a0\u00bb0&Prime; global_colors_info=\u00a0\u00bb{}\u00a0\u00bb alt=\u00a0\u00bbRegenbogen \u00fcber Angelteiche\u00a0\u00bb sticky_enabled=\u00a0\u00bb0&Prime;][et_pb_row _builder_version=\u00a0\u00bb4.19.1&Prime; _module_preset=\u00a0\u00bbdefault\u00a0\u00bb global_colors_info=\u00a0\u00bb{}\u00a0\u00bb][et_pb_column type=\u00a0\u00bb4_4&Prime; _builder_version=\u00a0\u00bb4.19.1&Prime; _module_preset=\u00a0\u00bbdefault\u00a0\u00bb global_colors_info=\u00a0\u00bb{}\u00a0\u00bb][\/et_pb_column][\/et_pb_row][\/et_pb_section][et_pb_section fb_built=\u00a0\u00bb1&Prime; _builder_version=\u00a0\u00bb4.19.1&Prime; _module_preset=\u00a0\u00bbdefault\u00a0\u00bb background_color=\u00a0\u00bb#DCF9F6&Prime; background_enable_image=\u00a0\u00bboff\u00a0\u00bb width=\u00a0\u00bb80%\u00a0\u00bb max_width=\u00a0\u00bb80%\u00a0\u00bb module_alignment=\u00a0\u00bbcenter\u00a0\u00bb custom_padding=\u00a0\u00bb0px||10px||false|false\u00a0\u00bb global_colors_info=\u00a0\u00bb{}\u00a0\u00bb][et_pb_row _builder_version=\u00a0\u00bb4.19.1&Prime; _module_preset=\u00a0\u00bbdefault\u00a0\u00bb width=\u00a0\u00bb90%\u00a0\u00bb max_width=\u00a0\u00bb90%\u00a0\u00bb custom_margin=\u00a0\u00bb||40px||false|false\u00a0\u00bb custom_padding=\u00a0\u00bb0px||0px||false|false\u00a0\u00bb global_colors_info=\u00a0\u00bb{}\u00a0\u00bb][et_pb_column type=\u00a0\u00bb4_4&Prime; _builder_version=\u00a0\u00bb4.19.1&Prime; _module_preset=\u00a0\u00bbdefault\u00a0\u00bb global_colors_info=\u00a0\u00bb{}\u00a0\u00bb][et_pb_image src=\u00a0\u00bbhttps:\/\/www.mohnen-forelle.de\/wp-content\/uploads\/mohnen\/mohnen-siegel.png\u00a0\u00bb align=\u00a0\u00bbcenter\u00a0\u00bb _builder_version=\u00a0\u00bb4.19.1&Prime; _module_preset=\u00a0\u00bbdefault\u00a0\u00bb custom_margin=\u00a0\u00bb-70px||||false|false\u00a0\u00bb global_colors_info=\u00a0\u00bb{}\u00a0\u00bb][\/et_pb_image][\/et_pb_column][\/et_pb_row][et_pb_row _builder_version=\u00a0\u00bb4.19.1&Prime; _module_preset=\u00a0\u00bbdefault\u00a0\u00bb width=\u00a0\u00bb90%\u00a0\u00bb max_width=\u00a0\u00bb90%\u00a0\u00bb custom_margin=\u00a0\u00bb||40px||false|false\u00a0\u00bb custom_padding=\u00a0\u00bb0px||0px||false|false\u00a0\u00bb global_colors_info=\u00a0\u00bb{}\u00a0\u00bb][et_pb_column type=\u00a0\u00bb4_4&Prime; _builder_version=\u00a0\u00bb4.19.1&Prime; _module_preset=\u00a0\u00bbdefault\u00a0\u00bb global_colors_info=\u00a0\u00bb{}\u00a0\u00bb][et_pb_text module_class=\u00a0\u00bbheadline-3&Prime; _builder_version=\u00a0\u00bb4.19.1&Prime; _module_preset=\u00a0\u00bbdefault\u00a0\u00bb header_font=\u00a0\u00bbMarket Web||||||||\u00a0\u00bb header_text_align=\u00a0\u00bbcenter\u00a0\u00bb header_text_color=\u00a0\u00bb#0B62A9&Prime; header_font_size=\u00a0\u00bb3.1rem\u00a0\u00bb header_2_font=\u00a0\u00bbMarket Web||||||||\u00a0\u00bb header_2_text_align=\u00a0\u00bbcenter\u00a0\u00bb header_2_text_color=\u00a0\u00bb#AFC800&Prime; header_2_font_size=\u00a0\u00bb1.86rem\u00a0\u00bb background_image=\u00a0\u00bbhttps:\/\/www.mohnen-forelle.de\/wp-content\/uploads\/mohnen\/icons\/icon-headline-2.png\u00a0\u00bb background_size=\u00a0\u00bbinitial\u00a0\u00bb background_position=\u00a0\u00bbtop_center\u00a0\u00bb custom_padding=\u00a0\u00bb2.6rem||||false|false\u00a0\u00bb hover_enabled=\u00a0\u00bb0&Prime; global_colors_info=\u00a0\u00bb{}\u00a0\u00bb alt=\u00a0\u00bbIllustration Fische blau\u00a0\u00bb sticky_enabled=\u00a0\u00bb0&Prime;]<\/p>\n<h1 style=\"background-image: url('\/fileadmin\/images\/mohnen\/icons\/icon-headline-3.png');\">Coordonn\u00e9es et sites<\/h1>\n<h2 style=\"background-image: url('\/fileadmin\/images\/mohnen\/icons\/icon-headline-3.png');\"><span>Aper\u00e7u des informations les plus importantes<\/span><\/h2>\n<p>[\/et_pb_text][\/et_pb_column][\/et_pb_row][et_pb_row _builder_version=\u00a0\u00bb4.19.1&Prime; _module_preset=\u00a0\u00bbdefault\u00a0\u00bb width=\u00a0\u00bb90%\u00a0\u00bb max_width=\u00a0\u00bb90%\u00a0\u00bb custom_margin=\u00a0\u00bb||60px||false|false\u00a0\u00bb custom_padding=\u00a0\u00bb0px||0px||false|false\u00a0\u00bb global_colors_info=\u00a0\u00bb{}\u00a0\u00bb][et_pb_column type=\u00a0\u00bb4_4&Prime; _builder_version=\u00a0\u00bb4.19.1&Prime; _module_preset=\u00a0\u00bbdefault\u00a0\u00bb global_colors_info=\u00a0\u00bb{}\u00a0\u00bb][et_pb_text module_class=\u00a0\u00bbheadline-3&Prime; _builder_version=\u00a0\u00bb4.19.1&Prime; _module_preset=\u00a0\u00bbdefault\u00a0\u00bb header_font=\u00a0\u00bbMarket Web||||||||\u00a0\u00bb header_text_align=\u00a0\u00bbcenter\u00a0\u00bb header_text_color=\u00a0\u00bb#0B62A9&Prime; header_font_size=\u00a0\u00bb3.1rem\u00a0\u00bb header_2_font=\u00a0\u00bbMarket Web||||||||\u00a0\u00bb header_2_text_align=\u00a0\u00bbcenter\u00a0\u00bb header_2_text_color=\u00a0\u00bb#AFC800&Prime; header_2_font_size=\u00a0\u00bb1.86rem\u00a0\u00bb text_orientation=\u00a0\u00bbjustified\u00a0\u00bb hover_enabled=\u00a0\u00bb0&Prime; global_colors_info=\u00a0\u00bb{}\u00a0\u00bb header_3_text_color=\u00a0\u00bb#AFC800&Prime; header_3_font_size=\u00a0\u00bb30px\u00a0\u00bb sticky_enabled=\u00a0\u00bb0&Prime;]<\/p>\n<div class=\"frame frame-type-text frame-layout-0\" id=\"c1542\">\n<h3 class=\"align-center\" style=\"text-align: center;\">Mohnen GmbH<\/h3>\n<p class=\"align-center\" style=\"text-align: center;\">Elle 19<br \/>52224 Stolberg-Gressenich<\/p>\n<p class=\"align-center\" style=\"text-align: center;\">T\u00e9l\u00e9phone: 0 24 09 &#8211; 79 94 -0<br \/>T\u00e9l\u00e9fax: 0 24 09 \/ 79 94 &#8211; 25<br \/>E-mail: <a href=\"mailto:info@mohnen-forelle.de\">info@mohnen-forelle.de<\/a><\/p>\n<p class=\"align-center\" style=\"text-align: center;\"><strong>Heures de bureau:<\/strong><br \/>du lundi au vendredi: 9h00 \u2013 17h00<br \/>samedi: 10h00 \u2013 13h00<\/p>\n<\/div>\n<p>[\/et_pb_text][\/et_pb_column][\/et_pb_row][\/et_pb_section][et_pb_section fb_built=\u00a0\u00bb1&Prime; _builder_version=\u00a0\u00bb4.19.1&Prime; _module_preset=\u00a0\u00bbdefault\u00a0\u00bb background_color=\u00a0\u00bb#ecf6f9&Prime; background_image=\u00a0\u00bbhttps:\/\/www.mohnen-forelle.de\/wp-content\/uploads\/mohnen\/bg-logo.png\u00a0\u00bb width=\u00a0\u00bb80%\u00a0\u00bb max_width=\u00a0\u00bb80%\u00a0\u00bb module_alignment=\u00a0\u00bbcenter\u00a0\u00bb custom_margin=\u00a0\u00bb2.4%||||false|false\u00a0\u00bb custom_padding=\u00a0\u00bb0px||0px||false|false\u00a0\u00bb locked=\u00a0\u00bboff\u00a0\u00bb global_colors_info=\u00a0\u00bb{}\u00a0\u00bb][et_pb_row column_structure=\u00a0\u00bb1_2,1_2&Prime; use_custom_gutter=\u00a0\u00bbon\u00a0\u00bb make_equal=\u00a0\u00bbon\u00a0\u00bb _builder_version=\u00a0\u00bb4.19.1&Prime; _module_preset=\u00a0\u00bbdefault\u00a0\u00bb width=\u00a0\u00bb90%\u00a0\u00bb max_width=\u00a0\u00bb90%\u00a0\u00bb custom_margin=\u00a0\u00bb||0px||false|false\u00a0\u00bb custom_padding=\u00a0\u00bb5%||5%||false|false\u00a0\u00bb hover_enabled=\u00a0\u00bb0&Prime; custom_css_main_element=\u00a0\u00bbalign-items: center;\u00a0\u00bb global_colors_info=\u00a0\u00bb{}\u00a0\u00bb sticky_enabled=\u00a0\u00bb0&Prime;][et_pb_column type=\u00a0\u00bb1_2&Prime; _builder_version=\u00a0\u00bb4.19.1&Prime; _module_preset=\u00a0\u00bbdefault\u00a0\u00bb global_colors_info=\u00a0\u00bb{}\u00a0\u00bb][et_pb_text module_class=\u00a0\u00bbheadline-3&Prime; _builder_version=\u00a0\u00bb4.19.1&Prime; _module_preset=\u00a0\u00bbdefault\u00a0\u00bb header_font=\u00a0\u00bbMarket Web||||||||\u00a0\u00bb header_text_align=\u00a0\u00bbcenter\u00a0\u00bb header_text_color=\u00a0\u00bb#0B62A9&Prime; header_font_size=\u00a0\u00bb3.1rem\u00a0\u00bb header_2_font=\u00a0\u00bbMarket Web||||||||\u00a0\u00bb header_2_text_align=\u00a0\u00bbcenter\u00a0\u00bb header_2_text_color=\u00a0\u00bb#0B62A9&Prime; header_2_font_size=\u00a0\u00bb3.1rem\u00a0\u00bb header_3_font=\u00a0\u00bbMarket Web||||||||\u00a0\u00bb header_3_text_align=\u00a0\u00bbcenter\u00a0\u00bb header_3_text_color=\u00a0\u00bb#AFC800&Prime; header_3_font_size=\u00a0\u00bb1.86rem\u00a0\u00bb background_image=\u00a0\u00bbhttps:\/\/www.mohnen-forelle.de\/wp-content\/uploads\/mohnen\/icons\/icon-headline-1-g.png\u00a0\u00bb background_size=\u00a0\u00bbinitial\u00a0\u00bb background_position=\u00a0\u00bbtop_center\u00a0\u00bb custom_padding=\u00a0\u00bb2.6rem||||false|false\u00a0\u00bb hover_enabled=\u00a0\u00bb0&Prime; locked=\u00a0\u00bboff\u00a0\u00bb global_colors_info=\u00a0\u00bb{}\u00a0\u00bb sticky_enabled=\u00a0\u00bb0&Prime;]<\/p>\n<h2 style=\"background-image: url('\/fileadmin\/images\/mohnen\/icons\/icon-headline-3.png');\">Poissonnerie<\/h2>\n<h3 style=\"background-image: url('\/fileadmin\/images\/mohnen\/icons\/icon-headline-3.png');\"><span>Stolberg-Gressenich<\/span><\/h3>\n<p>[\/et_pb_text][et_pb_text module_class=\u00a0\u00bbheadline-3&Prime; _builder_version=\u00a0\u00bb4.19.1&Prime; _module_preset=\u00a0\u00bbdefault\u00a0\u00bb header_font=\u00a0\u00bbMarket Web||||||||\u00a0\u00bb header_text_align=\u00a0\u00bbcenter\u00a0\u00bb header_text_color=\u00a0\u00bb#0B62A9&Prime; header_font_size=\u00a0\u00bb3.1rem\u00a0\u00bb header_2_font=\u00a0\u00bbMarket Web||||||||\u00a0\u00bb header_2_text_align=\u00a0\u00bbcenter\u00a0\u00bb header_2_text_color=\u00a0\u00bb#AFC800&Prime; header_2_font_size=\u00a0\u00bb1.86rem\u00a0\u00bb text_orientation=\u00a0\u00bbjustified\u00a0\u00bb hover_enabled=\u00a0\u00bb0&Prime; global_colors_info=\u00a0\u00bb{}\u00a0\u00bb sticky_enabled=\u00a0\u00bb0&Prime;]<\/p>\n<div class=\"frame frame-type-text frame-layout-0\" id=\"c1825\">\n<p class=\"align-center\" style=\"text-align: center;\">Elle 19 (acc\u00e8s face au Buschhausen 4)<br \/>52224 Stolberg Gressenich<br \/>T\u00e9l.: 0 24 09 \/ 79 94 &#8211; 0<\/p>\n<p class=\"align-center\" style=\"text-align: center;\"><strong>Heures de bureau:<\/strong><br \/>du lundi au vendredi: 9h00 \u2013 17h00<br \/>samedi: 9h00 \u2013 13h00<\/p>\n<\/div>\n<p>[\/et_pb_text][\/et_pb_column][et_pb_column type=\u00a0\u00bb1_2&Prime; _builder_version=\u00a0\u00bb4.19.1&Prime; _module_preset=\u00a0\u00bbdefault\u00a0\u00bb hover_enabled=\u00a0\u00bb0&Prime; global_colors_info=\u00a0\u00bb{}\u00a0\u00bb sticky_enabled=\u00a0\u00bb0&Prime;][et_pb_text module_class=\u00a0\u00bbheadline-3&Prime; _builder_version=\u00a0\u00bb4.19.1&Prime; _module_preset=\u00a0\u00bbdefault\u00a0\u00bb header_font=\u00a0\u00bbMarket Web||||||||\u00a0\u00bb header_text_align=\u00a0\u00bbcenter\u00a0\u00bb header_text_color=\u00a0\u00bb#0B62A9&Prime; header_font_size=\u00a0\u00bb3.1rem\u00a0\u00bb header_2_font=\u00a0\u00bbMarket Web||||||||\u00a0\u00bb header_2_text_align=\u00a0\u00bbcenter\u00a0\u00bb header_2_text_color=\u00a0\u00bb#0B62A9&Prime; header_2_font_size=\u00a0\u00bb3.1rem\u00a0\u00bb header_3_font=\u00a0\u00bbMarket Web||||||||\u00a0\u00bb header_3_text_align=\u00a0\u00bbcenter\u00a0\u00bb header_3_text_color=\u00a0\u00bb#AFC800&Prime; header_3_font_size=\u00a0\u00bb1.86rem\u00a0\u00bb background_image=\u00a0\u00bbhttps:\/\/www.mohnen-forelle.de\/wp-content\/uploads\/mohnen\/icons\/icon-headline-1-g.png\u00a0\u00bb background_size=\u00a0\u00bbinitial\u00a0\u00bb background_position=\u00a0\u00bbtop_center\u00a0\u00bb custom_padding=\u00a0\u00bb2.6rem||||false|false\u00a0\u00bb hover_enabled=\u00a0\u00bb0&Prime; locked=\u00a0\u00bboff\u00a0\u00bb global_colors_info=\u00a0\u00bb{}\u00a0\u00bb sticky_enabled=\u00a0\u00bb0&Prime;]<\/p>\n<h2 style=\"background-image: url('\/fileadmin\/images\/mohnen\/icons\/icon-headline-3.png');\">Poissonnerie<\/h2>\n<h3 style=\"background-image: url('\/fileadmin\/images\/mohnen\/icons\/icon-headline-3.png');\"><span>Eschweiler-Weisweiler<\/span><\/h3>\n<p>[\/et_pb_text][et_pb_text module_class=\u00a0\u00bbheadline-3&Prime; _builder_version=\u00a0\u00bb4.19.1&Prime; _module_preset=\u00a0\u00bbdefault\u00a0\u00bb header_font=\u00a0\u00bbMarket Web||||||||\u00a0\u00bb header_text_align=\u00a0\u00bbcenter\u00a0\u00bb header_text_color=\u00a0\u00bb#0B62A9&Prime; header_font_size=\u00a0\u00bb3.1rem\u00a0\u00bb header_2_font=\u00a0\u00bbMarket Web||||||||\u00a0\u00bb header_2_text_align=\u00a0\u00bbcenter\u00a0\u00bb header_2_text_color=\u00a0\u00bb#AFC800&Prime; header_2_font_size=\u00a0\u00bb1.86rem\u00a0\u00bb text_orientation=\u00a0\u00bbjustified\u00a0\u00bb hover_enabled=\u00a0\u00bb0&Prime; global_colors_info=\u00a0\u00bb{}\u00a0\u00bb sticky_enabled=\u00a0\u00bb0&Prime;]<\/p>\n<div class=\"frame frame-type-text frame-layout-0\" id=\"c1827\">\n<p class=\"align-center\" style=\"text-align: center;\">Vollm\u00fchle 1-3<br \/>52249 Eschweiler<\/p>\n<p class=\"align-center\" style=\"text-align: center;\"><strong>Heures de bureau:<\/strong><br \/>du lundi au vendredi: 9h00 \u2013 17h00<br \/>samedi: 9h00 \u2013 13h00<\/p>\n<\/div>\n<p>[\/et_pb_text][\/et_pb_column][\/et_pb_row][\/et_pb_section][et_pb_section fb_built=\u00a0\u00bb1&Prime; _builder_version=\u00a0\u00bb4.19.1&Prime; _module_preset=\u00a0\u00bbdefault\u00a0\u00bb background_color=\u00a0\u00bb#ecf6f9&Prime; background_image=\u00a0\u00bbhttps:\/\/www.mohnen-forelle.de\/wp-content\/uploads\/mohnen\/bg-logo.png\u00a0\u00bb width=\u00a0\u00bb80%\u00a0\u00bb max_width=\u00a0\u00bb80%\u00a0\u00bb module_alignment=\u00a0\u00bbcenter\u00a0\u00bb custom_margin=\u00a0\u00bb2.4%||||false|false\u00a0\u00bb custom_padding=\u00a0\u00bb0px||0px||false|false\u00a0\u00bb locked=\u00a0\u00bboff\u00a0\u00bb global_colors_info=\u00a0\u00bb{}\u00a0\u00bb][et_pb_row column_structure=\u00a0\u00bb1_2,1_2&Prime; use_custom_gutter=\u00a0\u00bbon\u00a0\u00bb make_equal=\u00a0\u00bbon\u00a0\u00bb _builder_version=\u00a0\u00bb4.19.1&Prime; _module_preset=\u00a0\u00bbdefault\u00a0\u00bb width=\u00a0\u00bb90%\u00a0\u00bb max_width=\u00a0\u00bb90%\u00a0\u00bb custom_margin=\u00a0\u00bb||0px||false|false\u00a0\u00bb custom_padding=\u00a0\u00bb5%||5%||false|false\u00a0\u00bb hover_enabled=\u00a0\u00bb0&Prime; custom_css_main_element=\u00a0\u00bbalign-items: center;\u00a0\u00bb global_colors_info=\u00a0\u00bb{}\u00a0\u00bb sticky_enabled=\u00a0\u00bb0&Prime;][et_pb_column type=\u00a0\u00bb1_2&Prime; _builder_version=\u00a0\u00bb4.19.1&Prime; _module_preset=\u00a0\u00bbdefault\u00a0\u00bb global_colors_info=\u00a0\u00bb{}\u00a0\u00bb][et_pb_text module_class=\u00a0\u00bbheadline-3&Prime; _builder_version=\u00a0\u00bb4.19.1&Prime; _module_preset=\u00a0\u00bbdefault\u00a0\u00bb header_font=\u00a0\u00bbMarket Web||||||||\u00a0\u00bb header_text_align=\u00a0\u00bbcenter\u00a0\u00bb header_text_color=\u00a0\u00bb#0B62A9&Prime; header_font_size=\u00a0\u00bb3.1rem\u00a0\u00bb header_2_font=\u00a0\u00bbMarket Web||||||||\u00a0\u00bb header_2_text_align=\u00a0\u00bbcenter\u00a0\u00bb header_2_text_color=\u00a0\u00bb#0B62A9&Prime; header_2_font_size=\u00a0\u00bb3.1rem\u00a0\u00bb header_3_font=\u00a0\u00bbMarket Web||||||||\u00a0\u00bb header_3_text_align=\u00a0\u00bbcenter\u00a0\u00bb header_3_text_color=\u00a0\u00bb#AFC800&Prime; header_3_font_size=\u00a0\u00bb1.86rem\u00a0\u00bb background_image=\u00a0\u00bbhttps:\/\/www.mohnen-forelle.de\/wp-content\/uploads\/mohnen\/icons\/icon-headline-1-g.png\u00a0\u00bb background_size=\u00a0\u00bbinitial\u00a0\u00bb background_position=\u00a0\u00bbtop_center\u00a0\u00bb custom_padding=\u00a0\u00bb2.6rem||||false|false\u00a0\u00bb hover_enabled=\u00a0\u00bb0&Prime; locked=\u00a0\u00bboff\u00a0\u00bb global_colors_info=\u00a0\u00bb{}\u00a0\u00bb sticky_enabled=\u00a0\u00bb0&Prime;]<\/p>\n<h2 style=\"background-image: url('\/fileadmin\/images\/mohnen\/icons\/icon-headline-3.png');\">Parc de p\u00eache<\/h2>\n<h3 style=\"background-image: url('\/fileadmin\/images\/mohnen\/icons\/icon-headline-3.png');\"><span>Stolberg-Gressenich<\/span><\/h3>\n<p>[\/et_pb_text][et_pb_text module_class=\u00a0\u00bbheadline-3&Prime; _builder_version=\u00a0\u00bb4.19.1&Prime; _module_preset=\u00a0\u00bbdefault\u00a0\u00bb header_font=\u00a0\u00bbMarket Web||||||||\u00a0\u00bb header_text_align=\u00a0\u00bbcenter\u00a0\u00bb header_text_color=\u00a0\u00bb#0B62A9&Prime; header_font_size=\u00a0\u00bb3.1rem\u00a0\u00bb header_2_font=\u00a0\u00bbMarket Web||||||||\u00a0\u00bb header_2_text_align=\u00a0\u00bbcenter\u00a0\u00bb header_2_text_color=\u00a0\u00bb#AFC800&Prime; header_2_font_size=\u00a0\u00bb1.86rem\u00a0\u00bb text_orientation=\u00a0\u00bbjustified\u00a0\u00bb hover_enabled=\u00a0\u00bb0&Prime; global_colors_info=\u00a0\u00bb{}\u00a0\u00bb sticky_enabled=\u00a0\u00bb0&Prime;]<\/p>\n<div class=\"frame frame-type-text frame-layout-0\" id=\"c1830\">\n<p class=\"align-center\" style=\"text-align: center;\">Elle 19 (acc\u00e8s face au Buschhausen 4)<br \/>52224 Stolberg-Gressenich<\/p>\n<p class=\"align-center\" style=\"text-align: center;\">T\u00e9l\u00e9phone pour les r\u00e9servations<br \/>0157 \/ 34 52 34 13<\/p>\n<\/div>\n<p>[\/et_pb_text][\/et_pb_column][et_pb_column type=\u00a0\u00bb1_2&Prime; _builder_version=\u00a0\u00bb4.19.1&Prime; _module_preset=\u00a0\u00bbdefault\u00a0\u00bb hover_enabled=\u00a0\u00bb0&Prime; global_colors_info=\u00a0\u00bb{}\u00a0\u00bb sticky_enabled=\u00a0\u00bb0&Prime;][et_pb_text module_class=\u00a0\u00bbheadline-3&Prime; _builder_version=\u00a0\u00bb4.19.1&Prime; _module_preset=\u00a0\u00bbdefault\u00a0\u00bb header_font=\u00a0\u00bbMarket Web||||||||\u00a0\u00bb header_text_align=\u00a0\u00bbcenter\u00a0\u00bb header_text_color=\u00a0\u00bb#0B62A9&Prime; header_font_size=\u00a0\u00bb3.1rem\u00a0\u00bb header_2_font=\u00a0\u00bbMarket Web||||||||\u00a0\u00bb header_2_text_align=\u00a0\u00bbcenter\u00a0\u00bb header_2_text_color=\u00a0\u00bb#0B62A9&Prime; header_2_font_size=\u00a0\u00bb3.1rem\u00a0\u00bb header_3_font=\u00a0\u00bbMarket Web||||||||\u00a0\u00bb header_3_text_align=\u00a0\u00bbcenter\u00a0\u00bb header_3_text_color=\u00a0\u00bb#AFC800&Prime; header_3_font_size=\u00a0\u00bb1.86rem\u00a0\u00bb background_image=\u00a0\u00bbhttps:\/\/www.mohnen-forelle.de\/wp-content\/uploads\/mohnen\/icons\/icon-headline-1-g.png\u00a0\u00bb background_size=\u00a0\u00bbinitial\u00a0\u00bb background_position=\u00a0\u00bbtop_center\u00a0\u00bb custom_padding=\u00a0\u00bb2.6rem||||false|false\u00a0\u00bb hover_enabled=\u00a0\u00bb0&Prime; locked=\u00a0\u00bboff\u00a0\u00bb global_colors_info=\u00a0\u00bb{}\u00a0\u00bb sticky_enabled=\u00a0\u00bb0&Prime;]<\/p>\n<h2 style=\"background-image: url('\/fileadmin\/images\/mohnen\/icons\/icon-headline-3.png');\">Parc de p\u00eache<\/h2>\n<h3 style=\"background-image: url('\/fileadmin\/images\/mohnen\/icons\/icon-headline-3.png');\"><span>Burg Untermaubach<\/span><\/h3>\n<p>[\/et_pb_text][et_pb_text module_class=\u00a0\u00bbheadline-3&Prime; _builder_version=\u00a0\u00bb4.19.1&Prime; _module_preset=\u00a0\u00bbdefault\u00a0\u00bb header_font=\u00a0\u00bbMarket Web||||||||\u00a0\u00bb header_text_align=\u00a0\u00bbcenter\u00a0\u00bb header_text_color=\u00a0\u00bb#0B62A9&Prime; header_font_size=\u00a0\u00bb3.1rem\u00a0\u00bb header_2_font=\u00a0\u00bbMarket Web||||||||\u00a0\u00bb header_2_text_align=\u00a0\u00bbcenter\u00a0\u00bb header_2_text_color=\u00a0\u00bb#AFC800&Prime; header_2_font_size=\u00a0\u00bb1.86rem\u00a0\u00bb text_orientation=\u00a0\u00bbjustified\u00a0\u00bb hover_enabled=\u00a0\u00bb0&Prime; global_colors_info=\u00a0\u00bb{}\u00a0\u00bb sticky_enabled=\u00a0\u00bb0&Prime;]<\/p>\n<div class=\"frame frame-type-text frame-layout-0\" id=\"c1832\">\n<p class=\"align-center\" style=\"text-align: center;\">Rurstra\u00dfe 2<br \/>52372 Kreuzau<\/p>\n<p class=\"align-center\" style=\"text-align: center;\">0 24 09 \/ 79 94 &#8211; 0<br \/>info@mohnen-forelle.de<\/p>\n<\/div>\n<p>[\/et_pb_text][\/et_pb_column][\/et_pb_row][\/et_pb_section]<\/p>\n","protected":false},"excerpt":{"rendered":"<p>Coordonn\u00e9es et sites Aper\u00e7u des informations les plus importantes Mohnen GmbH Elle 1952224 Stolberg-Gressenich T\u00e9l\u00e9phone: 0 24 09 &#8211; 79 94 -0T\u00e9l\u00e9fax: 0 24 09 \/ 79 94 &#8211; 25E-mail: info@mohnen-forelle.de Heures de bureau:du lundi au vendredi: 9h00 \u2013 17h00samedi: 10h00 \u2013 13h00 Poissonnerie Stolberg-Gressenich Elle 19 (acc\u00e8s face au Buschhausen 4)52224 Stolberg GressenichT\u00e9l.: 0 [&hellip;]<\/p>\n","protected":false},"author":2,"featured_media":0,"parent":0,"menu_order":0,"comment_status":"closed","ping_status":"closed","template":"","meta":{"_et_pb_use_builder":"on","_et_pb_old_content":"","_et_gb_content_width":"","footnotes":""},"class_list":["post-1102","page","type-page","status-publish","hentry"],"_links":{"self":[{"href":"https:\/\/www.mohnen-forelle.de\/fr\/wp-json\/wp\/v2\/pages\/1102","targetHints":{"allow":["GET"]}}],"collection":[{"href":"https:\/\/www.mohnen-forelle.de\/fr\/wp-json\/wp\/v2\/pages"}],"about":[{"href":"https:\/\/www.mohnen-forelle.de\/fr\/wp-json\/wp\/v2\/types\/page"}],"author":[{"embeddable":true,"href":"https:\/\/www.mohnen-forelle.de\/fr\/wp-json\/wp\/v2\/users\/2"}],"replies":[{"embeddable":true,"href":"https:\/\/www.mohnen-forelle.de\/fr\/wp-json\/wp\/v2\/comments?post=1102"}],"version-history":[{"count":2,"href":"https:\/\/www.mohnen-forelle.de\/fr\/wp-json\/wp\/v2\/pages\/1102\/revisions"}],"predecessor-version":[{"id":1104,"href":"https:\/\/www.mohnen-forelle.de\/fr\/wp-json\/wp\/v2\/pages\/1102\/revisions\/1104"}],"wp:attachment":[{"href":"https:\/\/www.mohnen-forelle.de\/fr\/wp-json\/wp\/v2\/media?parent=1102"}],"curies":[{"name":"wp","href":"https:\/\/api.w.org\/{rel}","templated":true}]}}